{"id":11040,"date":"2025-02-14T21:38:07","date_gmt":"2025-02-14T21:38:07","guid":{"rendered":"https:\/\/akun.edu.tr\/admission-and-registration-conditions-for-trnc-national-students\/"},"modified":"2026-04-28T07:50:45","modified_gmt":"2026-04-28T07:50:45","slug":"admission-and-registration-conditions-for-trnc-national-students","status":"publish","type":"page","link":"https:\/\/akun.edu.tr\/en\/prospective-student\/admission-and-registration-conditions-for-trnc-national-students\/","title":{"rendered":"Admission and Registration Conditions for TRNC National Students"},"content":{"rendered":"\t\t<div data-elementor-type=\"wp-page\" data-elementor-id=\"11040\" class=\"elementor elementor-11040 elementor-5821\" data-elementor-post-type=\"page\">\n\t\t\t\t\t\t<section class=\"elementor-section elementor-top-section elementor-element elementor-element-2a4de9d elementor-section-boxed elementor-section-height-default elementor-section-height-default\" data-id=\"2a4de9d\" data-element_type=\"section\" data-e-type=\"section\" data-settings=\"{&quot;pix_scale_in&quot;:&quot;none&quot;}\">\n\t\t\t\t\t\t<div class=\"elementor-container elementor-column-gap-default\">\n\t\t\t\t\t<div class=\"elementor-column elementor-col-50 elementor-top-column elementor-element elementor-element-12b624d\" data-id=\"12b624d\" data-element_type=\"column\" data-e-type=\"column\" data-settings=\"{&quot;pix_scale_in&quot;:&quot;none&quot;}\">\n\t\t\t<div class=\"elementor-widget-wrap elementor-element-populated\">\n\t\t\t\t\t\t<section class=\"pix-base-transition sticky-top pix-sticky-top-adjust animate-in elementor-section elementor-inner-section elementor-element elementor-element-b388391 bg-white shadow-lg shadow-hover-lg fly-sm rounded-10 overflow-hidden elementor-section-boxed elementor-section-height-default elementor-section-height-default\" data-anim-type=\"pix-3d-up-in\" data-anim-delay=\"0\" data-id=\"b388391\" data-element_type=\"section\" data-e-type=\"section\" data-settings=\"{&quot;pix_scale_in&quot;:&quot;none&quot;}\">\n\t\t\t\t\t\t<div class=\"elementor-container elementor-column-gap-default\">\n\t\t\t\t\t<div class=\"elementor-column elementor-col-100 elementor-inner-column elementor-element elementor-element-f1add0a\" data-id=\"f1add0a\" data-element_type=\"column\" data-e-type=\"column\" data-settings=\"{&quot;pix_scale_in&quot;:&quot;none&quot;}\">\n\t\t\t<div class=\"elementor-widget-wrap elementor-element-populated\">\n\t\t\t\t\t\t<div class=\"elementor-element elementor-element-f2b0e16 elementor-widget elementor-widget-shortcode\" data-id=\"f2b0e16\" data-element_type=\"widget\" data-e-type=\"widget\" data-widget_type=\"shortcode.default\">\n\t\t\t\t<div class=\"elementor-widget-container\">\n\t\t\t\t\t\t\t<div class=\"elementor-shortcode\"><div id='iksm-9817' class='iksm iksm-9817 iksm-container '  data-id='9817' data-is-pro='1' data-source='menu'><div class='iksm-terms'><div class='iksm-terms-tree iksm-terms-tree--level-1 iksm-terms-tree--parents' style=''><div class=\"iksm-terms-tree__inner\">\n        <div class=\"iksm-term iksm-term--id-9806 iksm-term--parent iksm-term--has-children\" data-id=\"9806\">\n            <div class=\"iksm-term__inner\" tabindex='0'>\n                <a class=\"iksm-term__link\" data-toggle='1' tabindex='-1'>\n\t\t\t\t        <span class=\"iksm-term__text\">\u00d6n Lisans &amp; Lisans Kay\u0131t ve Kabul Ko\u015fullar\u0131<\/span>\n\t\t            <\/a>\n\t\t\t            <div class=\"iksm-term__toggle\" tabindex=\"0\">\n                <span class=\"iksm-term__toggle__inner\"><i class='iks-icon-chevron-1'><\/i><\/span>\n            <\/div>\n\t\t\t        <\/div>\n\t\t<div class='iksm-terms-tree iksm-terms-tree--level-2 iksm-terms-tree--children' style=''><div class=\"iksm-terms-tree__inner\">\n        <div class=\"iksm-term iksm-term--id-9800 iksm-term--child\" data-id=\"9800\">\n            <div class=\"iksm-term__inner\" tabindex='0'>\n                <a class=\"iksm-term__link\" href='https:\/\/akun.edu.tr\/aday-ogrenci\/kktc-uyruklu-ogrencilerin-kabul-ve-kayit-kosullari\/' target='_self' tabindex='-1'>\n\t\t\t\t            <div\n              class=\"iksm-term__shifts\"\n              style=\"width:15px; min-width:15px; max-width:15px;\"><\/div>\n\t\t\t        <span class=\"iksm-term__text\">Admission and Registration Conditions for TRNC National Students<\/span>\n\t\t            <\/a>\n\t\t\t        <\/div>\n\t\t        <\/div>\n\n\t\t\n        <div class=\"iksm-term iksm-term--id-9799 iksm-term--child\" data-id=\"9799\">\n            <div class=\"iksm-term__inner\" tabindex='0'>\n                <a class=\"iksm-term__link\" href='https:\/\/akun.edu.tr\/aday-ogrenci\/tc-uyruklu-ogrencilerin-kabul-ve-kayit-kosullari\/' target='_self' tabindex='-1'>\n\t\t\t\t            <div\n              class=\"iksm-term__shifts\"\n              style=\"width:15px; min-width:15px; max-width:15px;\"><\/div>\n\t\t\t        <span class=\"iksm-term__text\">Admission and Enrollment Requirements for Turkish Citizens<\/span>\n\t\t            <\/a>\n\t\t\t        <\/div>\n\t\t        <\/div>\n\n\t\t<\/div><\/div>        <\/div>\n\n\t\t\n        <div class=\"iksm-term iksm-term--id-9801 iksm-term--parent\" data-id=\"9801\">\n            <div class=\"iksm-term__inner\" tabindex='0'>\n                <a class=\"iksm-term__link\" href='https:\/\/akun.edu.tr\/aday-ogrenci\/lisansustu-kayit-ve-kabul-kosullari\/' target='_self' tabindex='-1'>\n\t\t\t\t        <span class=\"iksm-term__text\">Postgraduate Registration and Admission Requirements<\/span>\n\t\t            <\/a>\n\t\t\t        <\/div>\n\t\t        <\/div>\n\n\t\t\n        <div class=\"iksm-term iksm-term--id-9814 iksm-term--parent iksm-term--has-children\" data-id=\"9814\">\n            <div class=\"iksm-term__inner\" tabindex='0'>\n                <a class=\"iksm-term__link\" data-toggle='1' tabindex='-1'>\n\t\t\t\t        <span class=\"iksm-term__text\">\u00d6n Lisans &amp; Lisans Burslar ve \u00dccretler<\/span>\n\t\t            <\/a>\n\t\t\t            <div class=\"iksm-term__toggle\" tabindex=\"0\">\n                <span class=\"iksm-term__toggle__inner\"><i class='iks-icon-chevron-1'><\/i><\/span>\n            <\/div>\n\t\t\t        <\/div>\n\t\t<div class='iksm-terms-tree iksm-terms-tree--level-2 iksm-terms-tree--children' style=''><div class=\"iksm-terms-tree__inner\">\n        <div class=\"iksm-term iksm-term--id-9805 iksm-term--child\" data-id=\"9805\">\n            <div class=\"iksm-term__inner\" tabindex='0'>\n                <a class=\"iksm-term__link\" href='https:\/\/akun.edu.tr\/aday-ogrenci\/kktc-vatandasi-ogrenciler-icin-burslar-ve-ucretler\/' target='_self' tabindex='-1'>\n\t\t\t\t            <div\n              class=\"iksm-term__shifts\"\n              style=\"width:15px; min-width:15px; max-width:15px;\"><\/div>\n\t\t\t        <span class=\"iksm-term__text\">Scholarships and Fees for TRNC Citizens<\/span>\n\t\t            <\/a>\n\t\t\t        <\/div>\n\t\t        <\/div>\n\n\t\t\n        <div class=\"iksm-term iksm-term--id-9804 iksm-term--child\" data-id=\"9804\">\n            <div class=\"iksm-term__inner\" tabindex='0'>\n                <a class=\"iksm-term__link\" href='https:\/\/akun.edu.tr\/aday-ogrenci\/tc-vatandasi-ogrenciler-icin-burslar-ve-ucretler\/' target='_self' tabindex='-1'>\n\t\t\t\t            <div\n              class=\"iksm-term__shifts\"\n              style=\"width:15px; min-width:15px; max-width:15px;\"><\/div>\n\t\t\t        <span class=\"iksm-term__text\">Scholarships and Fees for Turkish Citizens<\/span>\n\t\t            <\/a>\n\t\t\t        <\/div>\n\t\t        <\/div>\n\n\t\t\n        <div class=\"iksm-term iksm-term--id-9803 iksm-term--child\" data-id=\"9803\">\n            <div class=\"iksm-term__inner\" tabindex='0'>\n                <a class=\"iksm-term__link\" href='https:\/\/akun.edu.tr\/uluslararasi\/uluslararasi-ogrenciler-icin-burslar-ve-ucretler\/' target='_self' tabindex='-1'>\n\t\t\t\t            <div\n              class=\"iksm-term__shifts\"\n              style=\"width:15px; min-width:15px; max-width:15px;\"><\/div>\n\t\t\t        <span class=\"iksm-term__text\">Scholarships and Fees for International Students<\/span>\n\t\t            <\/a>\n\t\t\t        <\/div>\n\t\t        <\/div>\n\n\t\t<\/div><\/div>        <\/div>\n\n\t\t\n        <div class=\"iksm-term iksm-term--id-9802 iksm-term--parent iksm-term--has-children\" data-id=\"9802\">\n            <div class=\"iksm-term__inner\" tabindex='0'>\n                <a class=\"iksm-term__link\" data-toggle='1' tabindex='-1'>\n\t\t\t\t        <span class=\"iksm-term__text\">Postgraduate Scholarships and Fees<\/span>\n\t\t            <\/a>\n\t\t\t            <div class=\"iksm-term__toggle\" tabindex=\"0\">\n                <span class=\"iksm-term__toggle__inner\"><i class='iks-icon-chevron-1'><\/i><\/span>\n            <\/div>\n\t\t\t        <\/div>\n\t\t<div class='iksm-terms-tree iksm-terms-tree--level-2 iksm-terms-tree--children' style=''><div class=\"iksm-terms-tree__inner\">\n        <div class=\"iksm-term iksm-term--id-10633 iksm-term--child\" data-id=\"10633\">\n            <div class=\"iksm-term__inner\" tabindex='0'>\n                <a class=\"iksm-term__link\" href='https:\/\/akun.edu.tr\/aday-ogrenci\/lisansustu-burslar-ve-ucretler\/#kktcyl' target='_self' tabindex='-1'>\n\t\t\t\t            <div\n              class=\"iksm-term__shifts\"\n              style=\"width:15px; min-width:15px; max-width:15px;\"><\/div>\n\t\t\t        <span class=\"iksm-term__text\">KKTC Vatanda\u015f\u0131 Y\u00fcksek Lisans<\/span>\n\t\t            <\/a>\n\t\t\t        <\/div>\n\t\t        <\/div>\n\n\t\t\n        <div class=\"iksm-term iksm-term--id-10632 iksm-term--child\" data-id=\"10632\">\n            <div class=\"iksm-term__inner\" tabindex='0'>\n                <a class=\"iksm-term__link\" href='https:\/\/akun.edu.tr\/aday-ogrenci\/lisansustu-burslar-ve-ucretler\/#kktcdr' target='_self' tabindex='-1'>\n\t\t\t\t            <div\n              class=\"iksm-term__shifts\"\n              style=\"width:15px; min-width:15px; max-width:15px;\"><\/div>\n\t\t\t        <span class=\"iksm-term__text\">KKTC Vatanda\u015f\u0131 Doktora<\/span>\n\t\t            <\/a>\n\t\t\t        <\/div>\n\t\t        <\/div>\n\n\t\t\n        <div class=\"iksm-term iksm-term--id-10647 iksm-term--child\" data-id=\"10647\">\n            <div class=\"iksm-term__inner\" tabindex='0'>\n                <a class=\"iksm-term__link\" href='https:\/\/akun.edu.tr\/aday-ogrenci\/lisansustu-burslar-ve-ucretler\/#tcyl' target='_self' tabindex='-1'>\n\t\t\t\t            <div\n              class=\"iksm-term__shifts\"\n              style=\"width:15px; min-width:15px; max-width:15px;\"><\/div>\n\t\t\t        <span class=\"iksm-term__text\">TC Vatanda\u015f\u0131 Y\u00fcksek Lisans<\/span>\n\t\t            <\/a>\n\t\t\t        <\/div>\n\t\t        <\/div>\n\n\t\t\n        <div class=\"iksm-term iksm-term--id-10648 iksm-term--child\" data-id=\"10648\">\n            <div class=\"iksm-term__inner\" tabindex='0'>\n                <a class=\"iksm-term__link\" href='https:\/\/akun.edu.tr\/aday-ogrenci\/lisansustu-burslar-ve-ucretler\/#intlyl' target='_self' tabindex='-1'>\n\t\t\t\t            <div\n              class=\"iksm-term__shifts\"\n              style=\"width:15px; min-width:15px; max-width:15px;\"><\/div>\n\t\t\t        <span class=\"iksm-term__text\">Uluslararas\u0131 \u00d6\u011frenci Y\u00fcksek Lisans<\/span>\n\t\t            <\/a>\n\t\t\t        <\/div>\n\t\t        <\/div>\n\n\t\t\n        <div class=\"iksm-term iksm-term--id-10649 iksm-term--child\" data-id=\"10649\">\n            <div class=\"iksm-term__inner\" tabindex='0'>\n                <a class=\"iksm-term__link\" href='https:\/\/akun.edu.tr\/aday-ogrenci\/lisansustu-burslar-ve-ucretler\/#intldr' target='_self' tabindex='-1'>\n\t\t\t\t            <div\n              class=\"iksm-term__shifts\"\n              style=\"width:15px; min-width:15px; max-width:15px;\"><\/div>\n\t\t\t        <span class=\"iksm-term__text\">Uluslararas\u0131 \u00d6\u011frenci Doktora<\/span>\n\t\t            <\/a>\n\t\t\t        <\/div>\n\t\t        <\/div>\n\n\t\t<\/div><\/div>        <\/div>\n\n\t\t<\/div><\/div><\/div><div id=\"iksm_data_args\" class=\"data-args\"  data-collapse_children_terms='1' data-collapse_other_terms='1' data-collapse_animation_duration='400' data-expand_animation_duration='400' data-disable_parent_links_level='0' data-toggle_by_item_click=''><\/div><\/div><script id=\"styles-copier-69f5d3f0337ea\">\n\t\t\t\/\/ Finding styles element\n\t        var element = document.getElementById(\"iksm-dynamic-style\");\n\t        if (!element) { \/\/ If no element (Cache plugins can remove tag), then creating a new one\n                element = document.createElement('style');\n                var head = document.getElementsByTagName(\"head\")\n                if (head && head[0]) {\n                \thead[0].appendChild(element);\n                } else {\n                  \tconsole.warn(\"Iks Menu | Error while printing styles. Please contact technical support.\");\n                }\n\t        }\n\t\t\t\/\/ Copying styles to <styles> tag\n\t        element.innerHTML += \".iksm-9817 .iksm-terms{transition:all 400ms;animation:iks-fade-in 1000ms;}.iksm-9817 .iksm-terms-tree--level-1 > * > .iksm-term:not(:last-child){margin-bottom:0;}.iksm-9817 .iksm-terms-tree--children > .iksm-terms-tree__inner{animation:iks-fade-in 400ms;}.iksm-9817 .iksm-term__inner{background-color:rgba(255,255,255,1);min-height:44px;transition:all 400ms;}.iksm-9817 .iksm-term__inner:hover{background-color:rgba(236,236,236,1);}.iksm-9817 .iksm-term--current > .iksm-term__inner{background-color:rgba(212,212,212,1);}.iksm-9817 .iksm-term__link{color:rgba(52,58,64,1);font-size:14px;line-height:25px;font-weight:700;text-decoration:none;padding-top:5px;padding-right:15px;padding-bottom:5px;padding-left:15px;transition:all 400ms;}.iksm-9817 .iksm-term__inner:hover .iksm-term__link{color:rgba(50,50,50,1);}.iksm-9817 .iksm-term__toggle__inner{transition:transform 400ms}.iksm-9817 .iksm-term--expanded > .iksm-term__inner > .iksm-term__toggle > .iksm-term__toggle__inner{transform:rotate(180deg);}.iksm-9817 .iksm-term__toggle{color:rgba(133,133,133,1);font-size:22px;align-self:stretch;height:unset;;width:40px;transition:all 400ms;}.iksm-9817 .iksm-term__toggle:hover{color:rgba(0,0,0,1);}.iksm-9817 .iksm-term__image-container{width:30px;min-width:30px;height:30px;min-height:30px;margin-right:15px;transition:all 400ms;}.iksm-9817 .iksm-term__image{background-size:contain;background-position:center;background-repeat:no-repeat;}.iksm-9817 .iksm-term__image-container:hover{background-size:contain;background-position:center;background-repeat:no-repeat;}.iksm-9817 .iksm-term__inner:hover .iksm-term__image-container{background-size:contain;background-position:center;background-repeat:no-repeat;}.iksm-9817 .iksm-term__inner:focus .iksm-term__image-container{background-size:contain;background-position:center;background-repeat:no-repeat;}.iksm-9817 .iksm-term--current > .iksm-term__inner .iksm-term__image-container{background-size:contain;background-position:center;background-repeat:no-repeat;}.iksm-9817 .iksm-term--child .iksm-term__inner .iksm-term__image-container{background-size:contain;background-position:center;background-repeat:no-repeat;}.iksm-9817 .iksm-term--child .iksm-term__inner .iksm-term__image-container:hover{background-size:contain;background-position:center;background-repeat:no-repeat;}.iksm-9817 .iksm-term--child .iksm-term__inner .iksm-term__image-container:focus{background-size:contain;background-position:center;background-repeat:no-repeat;}.iksm-9817 .iksm-term--child.iksm-term--current > .iksm-term__inner .iksm-term__image-container{background-size:contain;background-position:center;background-repeat:no-repeat;}.iksm-9817  .iksm-term__text{flex: unset}.iksm-9817 .iksm-term__posts-count{color:rgba(133,133,133,1);font-size:16px;margin-left:12px;font-weight:400;transition:all 400ms;}.iksm-9817 .iksm-term--collapsing > .iksm-terms-tree--children > .iksm-terms-tree__inner{animation:iks-fade-out 400ms;}\";\n\t        \/\/ Removing this script\n            var this_script = document.getElementById(\"styles-copier-69f5d3f0337ea\");\n            if (this_script) { \/\/ Cache plugins can remove tag\n\t            this_script.outerHTML = \"\";\n\t            if (this_script.parentNode) {\n\t                this_script.parentNode.removeChild(this_script);\n\t            }\n            }\n        <\/script><\/div>\n\t\t\t\t\t\t<\/div>\n\t\t\t\t<\/div>\n\t\t\t\t\t<\/div>\n\t\t<\/div>\n\t\t\t\t\t<\/div>\n\t\t<\/section>\n\t\t\t\t\t<\/div>\n\t\t<\/div>\n\t\t\t\t<div class=\"elementor-column elementor-col-50 elementor-top-column elementor-element elementor-element-7a1204f\" data-id=\"7a1204f\" data-element_type=\"column\" data-e-type=\"column\" data-settings=\"{&quot;pix_scale_in&quot;:&quot;none&quot;}\">\n\t\t\t<div class=\"elementor-widget-wrap elementor-element-populated\">\n\t\t\t\t\t\t<section class=\"pix-base-transition animate-in elementor-section elementor-inner-section elementor-element elementor-element-09d88b0 bg-white shadow-lg shadow-hover-lg fly-sm rounded-10 overflow-hidden elementor-section-boxed elementor-section-height-default elementor-section-height-default\" data-anim-type=\"pix-3d-up-in\" data-anim-delay=\"0\" data-id=\"09d88b0\" data-element_type=\"section\" data-e-type=\"section\" data-settings=\"{&quot;pix_scale_in&quot;:&quot;none&quot;}\">\n\t\t\t\t\t\t<div class=\"elementor-container elementor-column-gap-default\">\n\t\t\t\t\t<div class=\"elementor-column elementor-col-100 elementor-inner-column elementor-element elementor-element-1ffd7cd\" data-id=\"1ffd7cd\" data-element_type=\"column\" data-e-type=\"column\" data-settings=\"{&quot;pix_scale_in&quot;:&quot;none&quot;}\">\n\t\t\t<div class=\"elementor-widget-wrap elementor-element-populated\">\n\t\t\t\t\t\t<div class=\"elementor-element elementor-element-91eaa6f elementor-widget elementor-widget-pix-sliding-text\" data-id=\"91eaa6f\" data-element_type=\"widget\" data-e-type=\"widget\" data-widget_type=\"pix-sliding-text.default\">\n\t\t\t\t<div class=\"elementor-widget-container\">\n\t\t\t\t\t<div id=\"el-91eaa6f\" class=\"mb-3 text-left \"><div class=\"d-inline-block\" style=\"max-width:800px;\"><h3 class=\"mb-32 pix-sliding-headline-2 animate-in font-weight-bold secondary-font \" data-anim-type=\"pix-sliding-text\" data-class=\"secondary-font text-primary\" style=\"\"><span class=\"slide-in-container \"><span class=\"pix-sliding-item secondary-font text-primary\" style=\"transition-delay: 0ms;\">Admission&#32;<\/span><\/span> <span class=\"slide-in-container \"><span class=\"pix-sliding-item secondary-font text-primary\" style=\"transition-delay: 150ms;\">Requirements&#32;<\/span><\/span> <span class=\"slide-in-container \"><span class=\"pix-sliding-item secondary-font text-primary\" style=\"transition-delay: 300ms;\">for&#32;<\/span><\/span> <span class=\"slide-in-container \"><span class=\"pix-sliding-item secondary-font text-primary\" style=\"transition-delay: 450ms;\">TRNC&#32;<\/span><\/span> <span class=\"slide-in-container \"><span class=\"pix-sliding-item secondary-font text-primary\" style=\"transition-delay: 600ms;\">Citizens&#32;<\/span><\/span> <span class=\"slide-in-container \"><span class=\"pix-sliding-item secondary-font text-primary\" style=\"transition-delay: 750ms;\">to&#32;<\/span><\/span> <span class=\"slide-in-container \"><span class=\"pix-sliding-item secondary-font text-primary\" style=\"transition-delay: 900ms;\">Undergraduate&#32;<\/span><\/span> <span class=\"slide-in-container \"><span class=\"pix-sliding-item secondary-font text-primary\" style=\"transition-delay: 1050ms;\">and&#32;<\/span><\/span> <span class=\"slide-in-container \"><span class=\"pix-sliding-item secondary-font text-primary\" style=\"transition-delay: 1200ms;\">Associate&#32;<\/span><\/span> <span class=\"slide-in-container \"><span class=\"pix-sliding-item secondary-font text-primary\" style=\"transition-delay: 1350ms;\">Degree&#32;<\/span><\/span> <span class=\"slide-in-container \"><span class=\"pix-sliding-item secondary-font text-primary\" style=\"transition-delay: 1500ms;\">Programs&#32;<\/span><\/span> <\/h3><\/div><\/div>\t\t\t\t<\/div>\n\t\t\t\t<\/div>\n\t\t\t\t<div class=\"elementor-element elementor-element-4b599b5 elementor-invisible elementor-widget elementor-widget-pix-text\" data-id=\"4b599b5\" data-element_type=\"widget\" data-e-type=\"widget\" data-widget_type=\"pix-text.default\">\n\t\t\t\t<div class=\"elementor-widget-container\">\n\t\t\t\t\t<div class=\"pix-el-text w-100 text-left \" ><p class=\" resp-option text-body-default text-left \" ><span class=\"text-body-default animate-in d-inline-block\" data-anim-delay=\"500\" data-anim-type=\"fade-in-up\">TRNC nationals and Turkish citizen student candidates who have completed their entire high school education in the TRNC are placed in associate or undergraduate programs based on their success in the Student Placement and Scholarship Ranking Exam and the programs they prefer.<\/span><\/p><\/div>\t\t\t\t<\/div>\n\t\t\t\t<\/div>\n\t\t\t\t\t<\/div>\n\t\t<\/div>\n\t\t\t\t\t<\/div>\n\t\t<\/section>\n\t\t\t\t<section class=\"pix-base-transition animate-in elementor-section elementor-inner-section elementor-element elementor-element-a2aa02f bg-white shadow-lg shadow-hover-lg fly-sm rounded-10 overflow-hidden elementor-section-boxed elementor-section-height-default elementor-section-height-default\" data-anim-type=\"pix-3d-up-in\" data-anim-delay=\"0\" data-id=\"a2aa02f\" data-element_type=\"section\" data-e-type=\"section\" data-settings=\"{&quot;pix_scale_in&quot;:&quot;none&quot;}\">\n\t\t\t\t\t\t<div class=\"elementor-container elementor-column-gap-default\">\n\t\t\t\t\t<div class=\"elementor-column elementor-col-100 elementor-inner-column elementor-element elementor-element-7105e93\" data-id=\"7105e93\" data-element_type=\"column\" data-e-type=\"column\" data-settings=\"{&quot;pix_scale_in&quot;:&quot;none&quot;}\">\n\t\t\t<div class=\"elementor-widget-wrap elementor-element-populated\">\n\t\t\t\t\t\t<div class=\"elementor-element elementor-element-262f6be elementor-widget elementor-widget-pix-sliding-text\" data-id=\"262f6be\" data-element_type=\"widget\" data-e-type=\"widget\" data-widget_type=\"pix-sliding-text.default\">\n\t\t\t\t<div class=\"elementor-widget-container\">\n\t\t\t\t\t<div id=\"el-262f6be\" class=\"mb-3 text-left \"><div class=\"d-inline-block\" style=\"max-width:800px;\"><h4 class=\"mb-32 pix-sliding-headline-2 animate-in font-weight-bold secondary-font \" data-anim-type=\"pix-sliding-text\" data-class=\"secondary-font text-primary\" style=\"\"><span class=\"slide-in-container \"><span class=\"pix-sliding-item secondary-font text-primary\" style=\"transition-delay: 0ms;\">Documents&#32;<\/span><\/span> <span class=\"slide-in-container \"><span class=\"pix-sliding-item secondary-font text-primary\" style=\"transition-delay: 150ms;\">Required&#32;<\/span><\/span> <span class=\"slide-in-container \"><span class=\"pix-sliding-item secondary-font text-primary\" style=\"transition-delay: 300ms;\">for&#32;<\/span><\/span> <span class=\"slide-in-container \"><span class=\"pix-sliding-item secondary-font text-primary\" style=\"transition-delay: 450ms;\">Enrollment&#32;<\/span><\/span> <\/h4><\/div><\/div>\t\t\t\t<\/div>\n\t\t\t\t<\/div>\n\t\t\t\t<div class=\"elementor-element elementor-element-586cf81 elementor-invisible elementor-widget elementor-widget-pix-text\" data-id=\"586cf81\" data-element_type=\"widget\" data-e-type=\"widget\" data-widget_type=\"pix-text.default\">\n\t\t\t\t<div class=\"elementor-widget-container\">\n\t\t\t\t\t<div class=\"pix-el-text w-100 text-left \" ><p class=\"resp-option text-left \"><div class=\" animate-in d-inline-block\" data-anim-delay=\"500\" data-anim-type=\"fade-in-up\"><ul><li>3 passport-size photographs<\/li><li>Copy of ID card<\/li><li>Original diploma along with a photocopy<\/li><li>TRNC Student Placement and Scholarship Ranking Exam certificate \/ \u00d6SYM Placement Result Document<\/li><\/ul><p>Turkish citizens who have completed their entire high school education in the TRNC can apply with a document proving that their secondary education was completed uninterruptedly at a formal education institution in the TRNC.<\/p><\/div><\/p><\/div>\t\t\t\t<\/div>\n\t\t\t\t<\/div>\n\t\t\t\t\t<\/div>\n\t\t<\/div>\n\t\t\t\t\t<\/div>\n\t\t<\/section>\n\t\t\t\t\t<\/div>\n\t\t<\/div>\n\t\t\t\t\t<\/div>\n\t\t<\/section>\n\t\t\t\t<\/div>\n\t\t","protected":false},"excerpt":{"rendered":"<p>Admission&#032; Requirements&#032; for&#032; TRNC&#032; Citizens&#032; to&#032; Undergraduate&#032; and&#032; Associate&#032; Degree&#032; Programs&#032; TRNC nationals and Turkish citizen student candidates who have completed their entire high school education in the TRNC are placed in associate or undergraduate programs based on their success&#8230;<\/p>\n","protected":false},"author":1,"featured_media":0,"parent":11079,"menu_order":0,"comment_status":"closed","ping_status":"closed","template":"","meta":{"_acf_changed":false,"footnotes":""},"egitim-dili":[],"ogretim-duzeyi":[],"uyruklar":[],"class_list":["post-11040","page","type-page","status-publish","hentry"],"acf":[],"_links":{"self":[{"href":"https:\/\/akun.edu.tr\/en\/wp-json\/wp\/v2\/pages\/11040","targetHints":{"allow":["GET"]}}],"collection":[{"href":"https:\/\/akun.edu.tr\/en\/wp-json\/wp\/v2\/pages"}],"about":[{"href":"https:\/\/akun.edu.tr\/en\/wp-json\/wp\/v2\/types\/page"}],"author":[{"embeddable":true,"href":"https:\/\/akun.edu.tr\/en\/wp-json\/wp\/v2\/users\/1"}],"replies":[{"embeddable":true,"href":"https:\/\/akun.edu.tr\/en\/wp-json\/wp\/v2\/comments?post=11040"}],"version-history":[{"count":2,"href":"https:\/\/akun.edu.tr\/en\/wp-json\/wp\/v2\/pages\/11040\/revisions"}],"predecessor-version":[{"id":12353,"href":"https:\/\/akun.edu.tr\/en\/wp-json\/wp\/v2\/pages\/11040\/revisions\/12353"}],"up":[{"embeddable":true,"href":"https:\/\/akun.edu.tr\/en\/wp-json\/wp\/v2\/pages\/11079"}],"wp:attachment":[{"href":"https:\/\/akun.edu.tr\/en\/wp-json\/wp\/v2\/media?parent=11040"}],"wp:term":[{"taxonomy":"egitim-dili","embeddable":true,"href":"https:\/\/akun.edu.tr\/en\/wp-json\/wp\/v2\/egitim-dili?post=11040"},{"taxonomy":"ogretim-duzeyi","embeddable":true,"href":"https:\/\/akun.edu.tr\/en\/wp-json\/wp\/v2\/ogretim-duzeyi?post=11040"},{"taxonomy":"uyruklar","embeddable":true,"href":"https:\/\/akun.edu.tr\/en\/wp-json\/wp\/v2\/uyruklar?post=11040"}],"curies":[{"name":"wp","href":"https:\/\/api.w.org\/{rel}","templated":true}]}}