{"id":11102,"date":"2025-02-14T12:37:48","date_gmt":"2025-02-14T12:37:48","guid":{"rendered":"https:\/\/akun.edu.tr\/about-us\/rectorate\/"},"modified":"2026-03-11T08:46:27","modified_gmt":"2026-03-11T08:46:27","slug":"rectorate","status":"publish","type":"page","link":"https:\/\/akun.edu.tr\/en\/about-us\/rectorate\/","title":{"rendered":"Rectorate"},"content":{"rendered":"\t\t<div data-elementor-type=\"wp-page\" data-elementor-id=\"11102\" class=\"elementor elementor-11102 elementor-5690\" data-elementor-post-type=\"page\">\n\t\t\t\t\t\t<section class=\"elementor-section elementor-top-section elementor-element elementor-element-6c0eff8 elementor-section-boxed elementor-section-height-default elementor-section-height-default\" data-id=\"6c0eff8\" data-element_type=\"section\" data-e-type=\"section\" data-settings=\"{&quot;background_background&quot;:&quot;classic&quot;,&quot;pix_scale_in&quot;:&quot;none&quot;}\">\n\t\t\t\t\t\t<div class=\"elementor-container elementor-column-gap-default\">\n\t\t\t\t\t<div class=\"elementor-column elementor-col-50 elementor-top-column elementor-element elementor-element-3fc8613\" data-id=\"3fc8613\" data-element_type=\"column\" data-e-type=\"column\" data-settings=\"{&quot;pix_scale_in&quot;:&quot;none&quot;}\">\n\t\t\t<div class=\"elementor-widget-wrap elementor-element-populated\">\n\t\t\t\t\t\t<section class=\"pix-base-transition sticky-top pix-sticky-top-adjust animate-in elementor-section elementor-inner-section elementor-element elementor-element-062754a bg-white shadow-lg shadow-hover-lg fly-sm rounded-10 overflow-hidden elementor-section-boxed elementor-section-height-default elementor-section-height-default\" data-anim-type=\"pix-3d-up-in\" data-anim-delay=\"0\" data-id=\"062754a\" data-element_type=\"section\" data-e-type=\"section\" data-settings=\"{&quot;pix_scale_in&quot;:&quot;none&quot;}\">\n\t\t\t\t\t\t<div class=\"elementor-container elementor-column-gap-default\">\n\t\t\t\t\t<div class=\"elementor-column elementor-col-100 elementor-inner-column elementor-element elementor-element-439d12f\" data-id=\"439d12f\" data-element_type=\"column\" data-e-type=\"column\" data-settings=\"{&quot;pix_scale_in&quot;:&quot;none&quot;}\">\n\t\t\t<div class=\"elementor-widget-wrap elementor-element-populated\">\n\t\t\t\t\t\t<div class=\"elementor-element elementor-element-48aeba1 elementor-widget elementor-widget-shortcode\" data-id=\"48aeba1\" data-element_type=\"widget\" data-e-type=\"widget\" data-widget_type=\"shortcode.default\">\n\t\t\t\t<div class=\"elementor-widget-container\">\n\t\t\t\t\t\t\t<div class=\"elementor-shortcode\"><div id='iksm-5985' class='iksm iksm-5985 iksm-container '  data-id='5985' data-is-pro='1' data-source='menu'><div class='iksm-terms'><div class='iksm-terms-tree iksm-terms-tree--level-1 iksm-terms-tree--parents' style=''><div class=\"iksm-terms-tree__inner\">\n        <div class=\"iksm-term iksm-term--id-5978 iksm-term--parent\" data-id=\"5978\">\n            <div class=\"iksm-term__inner\" tabindex='0'>\n                <a class=\"iksm-term__link\" href='https:\/\/akun.edu.tr\/hakkimizda\/' target='_self' tabindex='-1'>\n\t\t\t\t        <span class=\"iksm-term__text\">About Us<\/span>\n\t\t            <\/a>\n\t\t\t        <\/div>\n\t\t        <\/div>\n\n\t\t\n        <div class=\"iksm-term iksm-term--id-5979 iksm-term--parent\" data-id=\"5979\">\n            <div class=\"iksm-term__inner\" tabindex='0'>\n                <a class=\"iksm-term__link\" href='https:\/\/akun.edu.tr\/hakkimizda\/vizyon-ve-misyon\/' target='_self' tabindex='-1'>\n\t\t\t\t        <span class=\"iksm-term__text\">Vision and Mission<\/span>\n\t\t            <\/a>\n\t\t\t        <\/div>\n\t\t        <\/div>\n\n\t\t\n        <div class=\"iksm-term iksm-term--id-5980 iksm-term--parent\" data-id=\"5980\">\n            <div class=\"iksm-term__inner\" tabindex='0'>\n                <a class=\"iksm-term__link\" href='https:\/\/akun.edu.tr\/hakkimizda\/mutevelli-heyeti\/' target='_self' tabindex='-1'>\n\t\t\t\t        <span class=\"iksm-term__text\">Board of Trustees<\/span>\n\t\t            <\/a>\n\t\t\t        <\/div>\n\t\t        <\/div>\n\n\t\t\n        <div class=\"iksm-term iksm-term--id-5982 iksm-term--parent\" data-id=\"5982\">\n            <div class=\"iksm-term__inner\" tabindex='0'>\n                <a class=\"iksm-term__link\" href='https:\/\/akun.edu.tr\/hakkimizda\/rektorluk\/' target='_self' tabindex='-1'>\n\t\t\t\t        <span class=\"iksm-term__text\">Rectorate<\/span>\n\t\t            <\/a>\n\t\t\t        <\/div>\n\t\t        <\/div>\n\n\t\t\n        <div class=\"iksm-term iksm-term--id-5981 iksm-term--parent\" data-id=\"5981\">\n            <div class=\"iksm-term__inner\" tabindex='0'>\n                <a class=\"iksm-term__link\" href='https:\/\/akun.edu.tr\/hakkimizda\/rektorun-mesaji\/' target='_self' tabindex='-1'>\n\t\t\t\t        <span class=\"iksm-term__text\">Rector&#039;s Message<\/span>\n\t\t            <\/a>\n\t\t\t        <\/div>\n\t\t        <\/div>\n\n\t\t\n        <div class=\"iksm-term iksm-term--id-5983 iksm-term--parent\" data-id=\"5983\">\n            <div class=\"iksm-term__inner\" tabindex='0'>\n                <a class=\"iksm-term__link\" href='https:\/\/akun.edu.tr\/hakkimizda\/senato\/' target='_self' tabindex='-1'>\n\t\t\t\t        <span class=\"iksm-term__text\">Senate<\/span>\n\t\t            <\/a>\n\t\t\t        <\/div>\n\t\t        <\/div>\n\n\t\t\n        <div class=\"iksm-term iksm-term--id-5984 iksm-term--parent\" data-id=\"5984\">\n            <div class=\"iksm-term__inner\" tabindex='0'>\n                <a class=\"iksm-term__link\" href='https:\/\/akun.edu.tr\/hakkimizda\/akreditasyon-ve-uyelikler\/' target='_self' tabindex='-1'>\n\t\t\t\t        <span class=\"iksm-term__text\">Accreditation and Memberships<\/span>\n\t\t            <\/a>\n\t\t\t        <\/div>\n\t\t        <\/div>\n\n\t\t<\/div><\/div><\/div><div id=\"iksm_data_args\" class=\"data-args\"  data-collapse_children_terms='1' data-collapse_other_terms='1' data-collapse_animation_duration='400' data-expand_animation_duration='400' data-toggle_by_item_click=''><\/div><\/div><script id=\"styles-copier-69e4a13b8bde2\">\n\t\t\t\/\/ Finding styles element\n\t        var element = document.getElementById(\"iksm-dynamic-style\");\n\t        if (!element) { \/\/ If no element (Cache plugins can remove tag), then creating a new one\n                element = document.createElement('style');\n                var head = document.getElementsByTagName(\"head\")\n                if (head && head[0]) {\n                \thead[0].appendChild(element);\n                } else {\n                  \tconsole.warn(\"Iks Menu | Error while printing styles. Please contact technical support.\");\n                }\n\t        }\n\t\t\t\/\/ Copying styles to <styles> tag\n\t        element.innerHTML += \".iksm-5985 .iksm-terms{transition:all 400ms;animation:iks-fade-in 1000ms;}.iksm-5985 .iksm-terms-tree--level-1 > * > .iksm-term:not(:last-child){margin-bottom:0;}.iksm-5985 .iksm-terms-tree--children > .iksm-terms-tree__inner{animation:iks-zoom-in 400ms;}.iksm-5985 .iksm-term__inner{background-color:rgba(255,255,255,1);min-height:44px;transition:all 400ms;}.iksm-5985 .iksm-term__inner:hover{background-color:rgba(236,236,236,1);}.iksm-5985 .iksm-term--current > .iksm-term__inner{background-color:rgba(212,212,212,1);}.iksm-5985 .iksm-term__link{color:rgba(52,58,64,1);font-size:14px;line-height:25px;font-weight:700;text-decoration:none;padding-top:5px;padding-right:15px;padding-bottom:5px;padding-left:15px;transition:all 400ms;}.iksm-5985 .iksm-term__inner:hover .iksm-term__link{color:rgba(50,50,50,1);}.iksm-5985 .iksm-term__toggle__inner{transition:transform 400ms}.iksm-5985 .iksm-term--expanded > .iksm-term__inner > .iksm-term__toggle > .iksm-term__toggle__inner{transform:rotate(180deg);}.iksm-5985 .iksm-term__toggle{color:rgba(133,133,133,1);font-size:22px;align-self:stretch;height:unset;;width:40px;transition:all 400ms;}.iksm-5985 .iksm-term__toggle:hover{color:rgba(0,0,0,1);}.iksm-5985 .iksm-term__image-container{width:30px;min-width:30px;height:30px;min-height:30px;margin-right:15px;transition:all 400ms;}.iksm-5985 .iksm-term__image{background-size:contain;background-position:center;background-repeat:no-repeat;}.iksm-5985 .iksm-term__image-container:hover{background-size:contain;background-position:center;background-repeat:no-repeat;}.iksm-5985 .iksm-term__inner:hover .iksm-term__image-container{background-size:contain;background-position:center;background-repeat:no-repeat;}.iksm-5985 .iksm-term__inner:focus .iksm-term__image-container{background-size:contain;background-position:center;background-repeat:no-repeat;}.iksm-5985 .iksm-term--current > .iksm-term__inner .iksm-term__image-container{background-size:contain;background-position:center;background-repeat:no-repeat;}.iksm-5985 .iksm-term--child .iksm-term__inner .iksm-term__image-container{background-size:contain;background-position:center;background-repeat:no-repeat;}.iksm-5985 .iksm-term--child .iksm-term__inner .iksm-term__image-container:hover{background-size:contain;background-position:center;background-repeat:no-repeat;}.iksm-5985 .iksm-term--child .iksm-term__inner .iksm-term__image-container:focus{background-size:contain;background-position:center;background-repeat:no-repeat;}.iksm-5985 .iksm-term--child.iksm-term--current > .iksm-term__inner .iksm-term__image-container{background-size:contain;background-position:center;background-repeat:no-repeat;}.iksm-5985  .iksm-term__text{flex: unset}.iksm-5985 .iksm-term__posts-count{color:rgba(133,133,133,1);font-size:16px;margin-left:12px;font-weight:400;transition:all 400ms;}.iksm-5985 .iksm-term--collapsing > .iksm-terms-tree--children > .iksm-terms-tree__inner{animation:iks-zoom-out 400ms;}\";\n\t        \/\/ Removing this script\n            var this_script = document.getElementById(\"styles-copier-69e4a13b8bde2\");\n            if (this_script) { \/\/ Cache plugins can remove tag\n\t            this_script.outerHTML = \"\";\n\t            if (this_script.parentNode) {\n\t                this_script.parentNode.removeChild(this_script);\n\t            }\n            }\n        <\/script><\/div>\n\t\t\t\t\t\t<\/div>\n\t\t\t\t<\/div>\n\t\t\t\t\t<\/div>\n\t\t<\/div>\n\t\t\t\t\t<\/div>\n\t\t<\/section>\n\t\t\t\t\t<\/div>\n\t\t<\/div>\n\t\t\t\t<div class=\"elementor-column elementor-col-50 elementor-top-column elementor-element elementor-element-319dc67\" data-id=\"319dc67\" data-element_type=\"column\" data-e-type=\"column\" data-settings=\"{&quot;pix_scale_in&quot;:&quot;none&quot;}\">\n\t\t\t<div class=\"elementor-widget-wrap elementor-element-populated\">\n\t\t\t\t<div class=\"elementor-element elementor-element-f928f30 e-grid e-con-boxed e-con e-parent\" data-id=\"f928f30\" data-element_type=\"container\" data-e-type=\"container\" data-settings=\"{&quot;pix_scale_in&quot;:&quot;none&quot;}\">\n\t\t\t\t\t<div class=\"e-con-inner\">\n\t\t<div class=\"animate-in elementor-element elementor-element-6b2c4a5 e-con-full e-flex e-con e-child\" data-anim-type=\"pix-3d-up-in\" data-anim-delay=\"0\" data-id=\"6b2c4a5\" data-element_type=\"container\" data-e-type=\"container\" data-settings=\"{&quot;pix_scale_in&quot;:&quot;none&quot;}\">\n\t\t\t\t<\/div>\n\t\t<div class=\"animate-in elementor-element elementor-element-8700d52 e-con-full bg-white shadow-lg shadow-hover-lg fly-sm rounded-10 overflow-hidden e-flex e-con e-child\" data-anim-type=\"pix-3d-up-in\" data-anim-delay=\"0\" data-id=\"8700d52\" data-element_type=\"container\" data-e-type=\"container\" data-settings=\"{&quot;pix_scale_in&quot;:&quot;none&quot;}\">\n\t\t\t\t<div class=\"elementor-element elementor-element-0df8d15 photoBoxNoArrow photoBoxWithTitle elementor-widget elementor-widget-pix-photo-box\" data-id=\"0df8d15\" data-element_type=\"widget\" data-e-type=\"widget\" data-widget_type=\"pix-photo-box.default\">\n\t\t\t\t<div class=\"elementor-widget-container\">\n\t\t\t\t\t<div class=\"card w-100 h-100 bg-heading-default bg-transparent   text-left w-100 d-inline-flex pix-hover-item rounded-lg position-relative overflow-hidden text-white\" ><img decoding=\"async\" srcset=\"https:\/\/akun.edu.tr\/wp-content\/uploads\/2025\/09\/Teoman-Kesercioglu-240x300.jpg 240w, https:\/\/akun.edu.tr\/wp-content\/uploads\/2025\/09\/Teoman-Kesercioglu.jpg 600w\" src=\"https:\/\/akun.edu.tr\/wp-content\/uploads\/2025\/09\/Teoman-Kesercioglu.jpg\" class=\"card-img pix-bg-image h-100 pix-img-scale pix-opacity-10 rounded-lg \" alt=\"Prof. Dr. Teoman \u0130smail KESERC\u0130O\u011eLU<br><span>Rector<span>\"><span class=\"d-inline-block w-100 pix-img-overlay pix-p-10 d-flex align-items-end\" style=\"min-height:350px;\"><div class=\"w-100\"><div class=\"card-content-box pix-p-20 rounded-lg w-100 shadow  bg-dynamic-background d-flex justify-content-between align-items-center\"><div class=\"card-title font-weight-bold  text-body-default m-0 w-100\" style=\"font-size:15px;line-height:1.28;\">Prof. Dr. Teoman \u0130smail KESERC\u0130O\u011eLU<br><span>Rector<span><\/div><div class=\"d-inline-flex align-middle text-body-default\" style=\"font-size:15px;line-height:1.28;\"><svg class=\"pixfort-icon \" width=\"24\" height=\"24\"  data-name=\"Line\/pixfort-icon-arrow-right-2\" viewBox=\"2 2 20 20\"><polyline fill=\"none\" stroke=\"var(--pf-icon-color)\" stroke-linecap=\"round\" stroke-linejoin=\"round\" stroke-width=\"var(--pf-icon-stroke-width)\" points=\"9.5 17 14.5 12 9.5 7\"\/><\/svg><\/div><\/div><\/div><\/span><\/div>\t\t\t\t<\/div>\n\t\t\t\t<\/div>\n\t\t\t\t<\/div>\n\t\t<div class=\"animate-in elementor-element elementor-element-0fc1830 e-con-full e-flex e-con e-child\" data-anim-type=\"pix-3d-up-in\" data-anim-delay=\"0\" data-id=\"0fc1830\" data-element_type=\"container\" data-e-type=\"container\" data-settings=\"{&quot;pix_scale_in&quot;:&quot;none&quot;}\">\n\t\t\t\t<\/div>\n\t\t\t\t\t<\/div>\n\t\t\t\t<\/div>\n\t\t<div class=\"elementor-element elementor-element-f674da3 e-grid e-con-boxed e-con e-parent\" data-id=\"f674da3\" data-element_type=\"container\" data-e-type=\"container\" data-settings=\"{&quot;pix_scale_in&quot;:&quot;none&quot;}\">\n\t\t\t\t\t<div class=\"e-con-inner\">\n\t\t<div class=\"animate-in elementor-element elementor-element-2f7de9b e-con-full bg-white shadow-lg shadow-hover-lg fly-sm rounded-10 overflow-hidden e-flex e-con e-child\" data-anim-type=\"pix-3d-up-in\" data-anim-delay=\"0\" data-id=\"2f7de9b\" data-element_type=\"container\" data-e-type=\"container\" data-settings=\"{&quot;pix_scale_in&quot;:&quot;none&quot;}\">\n\t\t\t\t<div class=\"elementor-element elementor-element-40275f3 photoBoxNoArrow photoBoxWithTitle elementor-widget elementor-widget-pix-photo-box\" data-id=\"40275f3\" data-element_type=\"widget\" data-e-type=\"widget\" data-widget_type=\"pix-photo-box.default\">\n\t\t\t\t<div class=\"elementor-widget-container\">\n\t\t\t\t\t<div class=\"card w-100 h-100 bg-heading-default bg-transparent   text-left w-100 d-inline-flex pix-hover-item rounded-lg position-relative overflow-hidden text-white\" ><img decoding=\"async\" srcset=\"https:\/\/akun.edu.tr\/wp-content\/uploads\/2025\/12\/Ismet-Esenyel-240x300.jpg 240w, https:\/\/akun.edu.tr\/wp-content\/uploads\/2025\/12\/Ismet-Esenyel.jpg 600w\" src=\"https:\/\/akun.edu.tr\/wp-content\/uploads\/2025\/12\/Ismet-Esenyel.jpg\" class=\"card-img pix-bg-image h-100 pix-img-scale pix-opacity-10 rounded-lg \" alt=\"Prof. Dr. \u0130smet ESENYEL <br><span>Vice Rector (Academic)<span>\"><span class=\"d-inline-block w-100 pix-img-overlay pix-p-10 d-flex align-items-end\" style=\"min-height:350px;\"><div class=\"w-100\"><div class=\"card-content-box pix-p-20 rounded-lg w-100 shadow  bg-dynamic-background d-flex justify-content-between align-items-center\"><div class=\"card-title font-weight-bold  text-body-default m-0 w-100\" style=\"font-size:15px;line-height:1.28;\">Prof. Dr. \u0130smet ESENYEL <br><span>Vice Rector (Academic)<span><\/div><div class=\"d-inline-flex align-middle text-body-default\" style=\"font-size:15px;line-height:1.28;\"><svg class=\"pixfort-icon \" width=\"24\" height=\"24\"  data-name=\"Line\/pixfort-icon-arrow-right-2\" viewBox=\"2 2 20 20\"><polyline fill=\"none\" stroke=\"var(--pf-icon-color)\" stroke-linecap=\"round\" stroke-linejoin=\"round\" stroke-width=\"var(--pf-icon-stroke-width)\" points=\"9.5 17 14.5 12 9.5 7\"\/><\/svg><\/div><\/div><\/div><\/span><\/div>\t\t\t\t<\/div>\n\t\t\t\t<\/div>\n\t\t\t\t<\/div>\n\t\t<div class=\"animate-in elementor-element elementor-element-112f0cf e-con-full bg-white shadow-lg shadow-hover-lg fly-sm rounded-10 overflow-hidden e-flex e-con e-child\" data-anim-type=\"pix-3d-up-in\" data-anim-delay=\"0\" data-id=\"112f0cf\" data-element_type=\"container\" data-e-type=\"container\" data-settings=\"{&quot;pix_scale_in&quot;:&quot;none&quot;}\">\n\t\t\t\t<div class=\"elementor-element elementor-element-1ddb449 photoBoxNoArrow photoBoxWithTitle elementor-widget elementor-widget-pix-photo-box\" data-id=\"1ddb449\" data-element_type=\"widget\" data-e-type=\"widget\" data-widget_type=\"pix-photo-box.default\">\n\t\t\t\t<div class=\"elementor-widget-container\">\n\t\t\t\t\t<div class=\"card w-100 h-100 bg-heading-default bg-transparent   text-left w-100 d-inline-flex pix-hover-item rounded-lg position-relative overflow-hidden text-white\" ><img decoding=\"async\" srcset=\"https:\/\/akun.edu.tr\/wp-content\/uploads\/2025\/02\/tolga-oz-240x300.jpg 240w, https:\/\/akun.edu.tr\/wp-content\/uploads\/2025\/02\/tolga-oz.jpg 600w\" src=\"https:\/\/akun.edu.tr\/wp-content\/uploads\/2025\/02\/tolga-oz.jpg\" class=\"card-img pix-bg-image h-100 pix-img-scale pix-opacity-10 rounded-lg \" alt=\"Assoc. Prof. Dr. Tolga \u00d6Z <br><span>Vice Rector (Administrative)<span>\"><span class=\"d-inline-block w-100 pix-img-overlay pix-p-10 d-flex align-items-end\" style=\"min-height:350px;\"><div class=\"w-100\"><div class=\"card-content-box pix-p-20 rounded-lg w-100 shadow  bg-dynamic-background d-flex justify-content-between align-items-center\"><div class=\"card-title font-weight-bold  text-body-default m-0 w-100\" style=\"font-size:15px;line-height:1.28;\">Assoc. Prof. Dr. Tolga \u00d6Z <br><span>Vice Rector (Administrative)<span><\/div><div class=\"d-inline-flex align-middle text-body-default\" style=\"font-size:15px;line-height:1.28;\"><svg class=\"pixfort-icon \" width=\"24\" height=\"24\"  data-name=\"Line\/pixfort-icon-arrow-right-2\" viewBox=\"2 2 20 20\"><polyline fill=\"none\" stroke=\"var(--pf-icon-color)\" stroke-linecap=\"round\" stroke-linejoin=\"round\" stroke-width=\"var(--pf-icon-stroke-width)\" points=\"9.5 17 14.5 12 9.5 7\"\/><\/svg><\/div><\/div><\/div><\/span><\/div>\t\t\t\t<\/div>\n\t\t\t\t<\/div>\n\t\t\t\t<\/div>\n\t\t<div class=\"animate-in elementor-element elementor-element-438c929 e-con-full bg-white shadow-lg shadow-hover-lg fly-sm rounded-10 overflow-hidden e-flex e-con e-child\" data-anim-type=\"pix-3d-up-in\" data-anim-delay=\"0\" data-id=\"438c929\" data-element_type=\"container\" data-e-type=\"container\" data-settings=\"{&quot;pix_scale_in&quot;:&quot;none&quot;}\">\n\t\t\t\t<div class=\"elementor-element elementor-element-c856472 photoBoxNoArrow photoBoxWithTitle elementor-widget elementor-widget-pix-photo-box\" data-id=\"c856472\" data-element_type=\"widget\" data-e-type=\"widget\" data-widget_type=\"pix-photo-box.default\">\n\t\t\t\t<div class=\"elementor-widget-container\">\n\t\t\t\t\t<div class=\"card w-100 h-100 bg-heading-default bg-transparent   text-left w-100 d-inline-flex pix-hover-item rounded-lg position-relative overflow-hidden text-white\" ><img decoding=\"async\" srcset=\"https:\/\/akun.edu.tr\/wp-content\/uploads\/2025\/02\/emre-bilek-240x300.jpg 240w, https:\/\/akun.edu.tr\/wp-content\/uploads\/2025\/02\/emre-bilek.jpg 600w\" src=\"https:\/\/akun.edu.tr\/wp-content\/uploads\/2025\/02\/emre-bilek.jpg\" class=\"card-img pix-bg-image h-100 pix-img-scale pix-opacity-10 rounded-lg \" alt=\"Emre B\u0130LEK<br><span>Secretary General<span>\"><span class=\"d-inline-block w-100 pix-img-overlay pix-p-10 d-flex align-items-end\" style=\"min-height:350px;\"><div class=\"w-100\"><div class=\"card-content-box pix-p-20 rounded-lg w-100 shadow  bg-dynamic-background d-flex justify-content-between align-items-center\"><div class=\"card-title font-weight-bold  text-body-default m-0 w-100\" style=\"font-size:15px;line-height:1.28;\">Emre B\u0130LEK<br><span>Secretary General<span><\/div><div class=\"d-inline-flex align-middle text-body-default\" style=\"font-size:15px;line-height:1.28;\"><svg class=\"pixfort-icon \" width=\"24\" height=\"24\"  data-name=\"Line\/pixfort-icon-arrow-right-2\" viewBox=\"2 2 20 20\"><polyline fill=\"none\" stroke=\"var(--pf-icon-color)\" stroke-linecap=\"round\" stroke-linejoin=\"round\" stroke-width=\"var(--pf-icon-stroke-width)\" points=\"9.5 17 14.5 12 9.5 7\"\/><\/svg><\/div><\/div><\/div><\/span><\/div>\t\t\t\t<\/div>\n\t\t\t\t<\/div>\n\t\t\t\t<\/div>\n\t\t\t\t\t<\/div>\n\t\t\t\t<\/div>\n\t\t\t\t\t<\/div>\n\t\t<\/div>\n\t\t\t\t\t<\/div>\n\t\t<\/section>\n\t\t\t\t<\/div>\n\t\t","protected":false},"excerpt":{"rendered":"<p>Prof. Dr. \u0130smet ESENYEL Vice Rector (Academic) Emre B\u0130LEKSecretary General<\/p>\n","protected":false},"author":1,"featured_media":0,"parent":11090,"menu_order":0,"comment_status":"closed","ping_status":"closed","template":"","meta":{"_acf_changed":false,"footnotes":""},"egitim-dili":[],"ogretim-duzeyi":[],"uyruklar":[],"class_list":["post-11102","page","type-page","status-publish","hentry"],"acf":[],"_links":{"self":[{"href":"https:\/\/akun.edu.tr\/en\/wp-json\/wp\/v2\/pages\/11102","targetHints":{"allow":["GET"]}}],"collection":[{"href":"https:\/\/akun.edu.tr\/en\/wp-json\/wp\/v2\/pages"}],"about":[{"href":"https:\/\/akun.edu.tr\/en\/wp-json\/wp\/v2\/types\/page"}],"author":[{"embeddable":true,"href":"https:\/\/akun.edu.tr\/en\/wp-json\/wp\/v2\/users\/1"}],"replies":[{"embeddable":true,"href":"https:\/\/akun.edu.tr\/en\/wp-json\/wp\/v2\/comments?post=11102"}],"version-history":[{"count":5,"href":"https:\/\/akun.edu.tr\/en\/wp-json\/wp\/v2\/pages\/11102\/revisions"}],"predecessor-version":[{"id":15463,"href":"https:\/\/akun.edu.tr\/en\/wp-json\/wp\/v2\/pages\/11102\/revisions\/15463"}],"up":[{"embeddable":true,"href":"https:\/\/akun.edu.tr\/en\/wp-json\/wp\/v2\/pages\/11090"}],"wp:attachment":[{"href":"https:\/\/akun.edu.tr\/en\/wp-json\/wp\/v2\/media?parent=11102"}],"wp:term":[{"taxonomy":"egitim-dili","embeddable":true,"href":"https:\/\/akun.edu.tr\/en\/wp-json\/wp\/v2\/egitim-dili?post=11102"},{"taxonomy":"ogretim-duzeyi","embeddable":true,"href":"https:\/\/akun.edu.tr\/en\/wp-json\/wp\/v2\/ogretim-duzeyi?post=11102"},{"taxonomy":"uyruklar","embeddable":true,"href":"https:\/\/akun.edu.tr\/en\/wp-json\/wp\/v2\/uyruklar?post=11102"}],"curies":[{"name":"wp","href":"https:\/\/api.w.org\/{rel}","templated":true}]}}