{"id":11104,"date":"2025-02-14T12:37:24","date_gmt":"2025-02-14T12:37:24","guid":{"rendered":"https:\/\/akun.edu.tr\/about-us\/rectors-message\/"},"modified":"2026-04-08T16:26:09","modified_gmt":"2026-04-08T16:26:09","slug":"rectors-message","status":"publish","type":"page","link":"https:\/\/akun.edu.tr\/en\/about-us\/rectors-message\/","title":{"rendered":"Rector&#8217;s Message"},"content":{"rendered":"\t\t<div data-elementor-type=\"wp-page\" data-elementor-id=\"11104\" class=\"elementor elementor-11104 elementor-5688\" data-elementor-post-type=\"page\">\n\t\t\t\t\t\t<section class=\"elementor-section elementor-top-section elementor-element elementor-element-9685873 elementor-section-boxed elementor-section-height-default elementor-section-height-default\" data-id=\"9685873\" data-element_type=\"section\" data-e-type=\"section\" data-settings=\"{&quot;pix_scale_in&quot;:&quot;none&quot;}\">\n\t\t\t\t\t\t<div class=\"elementor-container elementor-column-gap-default\">\n\t\t\t\t\t<div class=\"elementor-column elementor-col-50 elementor-top-column elementor-element elementor-element-b914b12\" data-id=\"b914b12\" data-element_type=\"column\" data-e-type=\"column\" data-settings=\"{&quot;pix_scale_in&quot;:&quot;none&quot;}\">\n\t\t\t<div class=\"elementor-widget-wrap elementor-element-populated\">\n\t\t\t\t\t\t<section class=\"pix-base-transition sticky-top pix-sticky-top-adjust animate-in elementor-section elementor-inner-section elementor-element elementor-element-77ac6eb bg-white shadow-lg shadow-hover-lg fly-sm rounded-10 overflow-hidden elementor-section-boxed elementor-section-height-default elementor-section-height-default\" data-anim-type=\"pix-3d-up-in\" data-anim-delay=\"0\" data-id=\"77ac6eb\" data-element_type=\"section\" data-e-type=\"section\" data-settings=\"{&quot;pix_scale_in&quot;:&quot;none&quot;}\">\n\t\t\t\t\t\t<div class=\"elementor-container elementor-column-gap-default\">\n\t\t\t\t\t<div class=\"elementor-column elementor-col-100 elementor-inner-column elementor-element elementor-element-cdeb3c0\" data-id=\"cdeb3c0\" data-element_type=\"column\" data-e-type=\"column\" data-settings=\"{&quot;pix_scale_in&quot;:&quot;none&quot;}\">\n\t\t\t<div class=\"elementor-widget-wrap elementor-element-populated\">\n\t\t\t\t\t\t<div class=\"elementor-element elementor-element-a1a54a3 elementor-widget elementor-widget-shortcode\" data-id=\"a1a54a3\" data-element_type=\"widget\" data-e-type=\"widget\" data-widget_type=\"shortcode.default\">\n\t\t\t\t<div class=\"elementor-widget-container\">\n\t\t\t\t\t\t\t<div class=\"elementor-shortcode\"><div id='iksm-5985' class='iksm iksm-5985 iksm-container '  data-id='5985' data-is-pro='1' data-source='menu'><div class='iksm-terms'><div class='iksm-terms-tree iksm-terms-tree--level-1 iksm-terms-tree--parents' style=''><div class=\"iksm-terms-tree__inner\">\n        <div class=\"iksm-term iksm-term--id-5978 iksm-term--parent\" data-id=\"5978\">\n            <div class=\"iksm-term__inner\" tabindex='0'>\n                <a class=\"iksm-term__link\" href='https:\/\/akun.edu.tr\/hakkimizda\/' target='_self' tabindex='-1'>\n\t\t\t\t        <span class=\"iksm-term__text\">About Us<\/span>\n\t\t            <\/a>\n\t\t\t        <\/div>\n\t\t        <\/div>\n\n\t\t\n        <div class=\"iksm-term iksm-term--id-5979 iksm-term--parent\" data-id=\"5979\">\n            <div class=\"iksm-term__inner\" tabindex='0'>\n                <a class=\"iksm-term__link\" href='https:\/\/akun.edu.tr\/hakkimizda\/vizyon-ve-misyon\/' target='_self' tabindex='-1'>\n\t\t\t\t        <span class=\"iksm-term__text\">Vision and Mission<\/span>\n\t\t            <\/a>\n\t\t\t        <\/div>\n\t\t        <\/div>\n\n\t\t\n        <div class=\"iksm-term iksm-term--id-5980 iksm-term--parent\" data-id=\"5980\">\n            <div class=\"iksm-term__inner\" tabindex='0'>\n                <a class=\"iksm-term__link\" href='https:\/\/akun.edu.tr\/hakkimizda\/mutevelli-heyeti\/' target='_self' tabindex='-1'>\n\t\t\t\t        <span class=\"iksm-term__text\">Board of Trustees<\/span>\n\t\t            <\/a>\n\t\t\t        <\/div>\n\t\t        <\/div>\n\n\t\t\n        <div class=\"iksm-term iksm-term--id-5982 iksm-term--parent\" data-id=\"5982\">\n            <div class=\"iksm-term__inner\" tabindex='0'>\n                <a class=\"iksm-term__link\" href='https:\/\/akun.edu.tr\/hakkimizda\/rektorluk\/' target='_self' tabindex='-1'>\n\t\t\t\t        <span class=\"iksm-term__text\">Rectorate<\/span>\n\t\t            <\/a>\n\t\t\t        <\/div>\n\t\t        <\/div>\n\n\t\t\n        <div class=\"iksm-term iksm-term--id-5981 iksm-term--parent\" data-id=\"5981\">\n            <div class=\"iksm-term__inner\" tabindex='0'>\n                <a class=\"iksm-term__link\" href='https:\/\/akun.edu.tr\/hakkimizda\/rektorun-mesaji\/' target='_self' tabindex='-1'>\n\t\t\t\t        <span class=\"iksm-term__text\">Rector&#039;s Message<\/span>\n\t\t            <\/a>\n\t\t\t        <\/div>\n\t\t        <\/div>\n\n\t\t\n        <div class=\"iksm-term iksm-term--id-5983 iksm-term--parent\" data-id=\"5983\">\n            <div class=\"iksm-term__inner\" tabindex='0'>\n                <a class=\"iksm-term__link\" href='https:\/\/akun.edu.tr\/hakkimizda\/senato\/' target='_self' tabindex='-1'>\n\t\t\t\t        <span class=\"iksm-term__text\">Senate<\/span>\n\t\t            <\/a>\n\t\t\t        <\/div>\n\t\t        <\/div>\n\n\t\t\n        <div class=\"iksm-term iksm-term--id-5984 iksm-term--parent\" data-id=\"5984\">\n            <div class=\"iksm-term__inner\" tabindex='0'>\n                <a class=\"iksm-term__link\" href='https:\/\/akun.edu.tr\/hakkimizda\/akreditasyon-ve-uyelikler\/' target='_self' tabindex='-1'>\n\t\t\t\t        <span class=\"iksm-term__text\">Accreditation and Memberships<\/span>\n\t\t            <\/a>\n\t\t\t        <\/div>\n\t\t        <\/div>\n\n\t\t<\/div><\/div><\/div><div id=\"iksm_data_args\" class=\"data-args\"  data-collapse_children_terms='1' data-collapse_other_terms='1' data-collapse_animation_duration='400' data-expand_animation_duration='400' data-toggle_by_item_click=''><\/div><\/div><script id=\"styles-copier-69df97c767ba7\">\n\t\t\t\/\/ Finding styles element\n\t        var element = document.getElementById(\"iksm-dynamic-style\");\n\t        if (!element) { \/\/ If no element (Cache plugins can remove tag), then creating a new one\n                element = document.createElement('style');\n                var head = document.getElementsByTagName(\"head\")\n                if (head && head[0]) {\n                \thead[0].appendChild(element);\n                } else {\n                  \tconsole.warn(\"Iks Menu | Error while printing styles. Please contact technical support.\");\n                }\n\t        }\n\t\t\t\/\/ Copying styles to <styles> tag\n\t        element.innerHTML += \".iksm-5985 .iksm-terms{transition:all 400ms;animation:iks-fade-in 1000ms;}.iksm-5985 .iksm-terms-tree--level-1 > * > .iksm-term:not(:last-child){margin-bottom:0;}.iksm-5985 .iksm-terms-tree--children > .iksm-terms-tree__inner{animation:iks-zoom-in 400ms;}.iksm-5985 .iksm-term__inner{background-color:rgba(255,255,255,1);min-height:44px;transition:all 400ms;}.iksm-5985 .iksm-term__inner:hover{background-color:rgba(236,236,236,1);}.iksm-5985 .iksm-term--current > .iksm-term__inner{background-color:rgba(212,212,212,1);}.iksm-5985 .iksm-term__link{color:rgba(52,58,64,1);font-size:14px;line-height:25px;font-weight:700;text-decoration:none;padding-top:5px;padding-right:15px;padding-bottom:5px;padding-left:15px;transition:all 400ms;}.iksm-5985 .iksm-term__inner:hover .iksm-term__link{color:rgba(50,50,50,1);}.iksm-5985 .iksm-term__toggle__inner{transition:transform 400ms}.iksm-5985 .iksm-term--expanded > .iksm-term__inner > .iksm-term__toggle > .iksm-term__toggle__inner{transform:rotate(180deg);}.iksm-5985 .iksm-term__toggle{color:rgba(133,133,133,1);font-size:22px;align-self:stretch;height:unset;;width:40px;transition:all 400ms;}.iksm-5985 .iksm-term__toggle:hover{color:rgba(0,0,0,1);}.iksm-5985 .iksm-term__image-container{width:30px;min-width:30px;height:30px;min-height:30px;margin-right:15px;transition:all 400ms;}.iksm-5985 .iksm-term__image{background-size:contain;background-position:center;background-repeat:no-repeat;}.iksm-5985 .iksm-term__image-container:hover{background-size:contain;background-position:center;background-repeat:no-repeat;}.iksm-5985 .iksm-term__inner:hover .iksm-term__image-container{background-size:contain;background-position:center;background-repeat:no-repeat;}.iksm-5985 .iksm-term__inner:focus .iksm-term__image-container{background-size:contain;background-position:center;background-repeat:no-repeat;}.iksm-5985 .iksm-term--current > .iksm-term__inner .iksm-term__image-container{background-size:contain;background-position:center;background-repeat:no-repeat;}.iksm-5985 .iksm-term--child .iksm-term__inner .iksm-term__image-container{background-size:contain;background-position:center;background-repeat:no-repeat;}.iksm-5985 .iksm-term--child .iksm-term__inner .iksm-term__image-container:hover{background-size:contain;background-position:center;background-repeat:no-repeat;}.iksm-5985 .iksm-term--child .iksm-term__inner .iksm-term__image-container:focus{background-size:contain;background-position:center;background-repeat:no-repeat;}.iksm-5985 .iksm-term--child.iksm-term--current > .iksm-term__inner .iksm-term__image-container{background-size:contain;background-position:center;background-repeat:no-repeat;}.iksm-5985  .iksm-term__text{flex: unset}.iksm-5985 .iksm-term__posts-count{color:rgba(133,133,133,1);font-size:16px;margin-left:12px;font-weight:400;transition:all 400ms;}.iksm-5985 .iksm-term--collapsing > .iksm-terms-tree--children > .iksm-terms-tree__inner{animation:iks-zoom-out 400ms;}\";\n\t        \/\/ Removing this script\n            var this_script = document.getElementById(\"styles-copier-69df97c767ba7\");\n            if (this_script) { \/\/ Cache plugins can remove tag\n\t            this_script.outerHTML = \"\";\n\t            if (this_script.parentNode) {\n\t                this_script.parentNode.removeChild(this_script);\n\t            }\n            }\n        <\/script><\/div>\n\t\t\t\t\t\t<\/div>\n\t\t\t\t<\/div>\n\t\t\t\t\t<\/div>\n\t\t<\/div>\n\t\t\t\t\t<\/div>\n\t\t<\/section>\n\t\t\t\t\t<\/div>\n\t\t<\/div>\n\t\t\t\t<div class=\"elementor-column elementor-col-50 elementor-top-column elementor-element elementor-element-b5d767b\" data-id=\"b5d767b\" data-element_type=\"column\" data-e-type=\"column\" data-settings=\"{&quot;pix_scale_in&quot;:&quot;none&quot;}\">\n\t\t\t<div class=\"elementor-widget-wrap elementor-element-populated\">\n\t\t\t\t<div class=\"elementor-element elementor-element-b0e69f1 e-grid e-con-boxed e-con e-parent\" data-id=\"b0e69f1\" data-element_type=\"container\" data-e-type=\"container\" data-settings=\"{&quot;pix_scale_in&quot;:&quot;none&quot;}\">\n\t\t\t\t\t<div class=\"e-con-inner\">\n\t\t<div class=\"animate-in elementor-element elementor-element-37e813a e-con-full e-flex e-con e-child\" data-anim-type=\"pix-3d-up-in\" data-anim-delay=\"0\" data-id=\"37e813a\" data-element_type=\"container\" data-e-type=\"container\" data-settings=\"{&quot;pix_scale_in&quot;:&quot;none&quot;}\">\n\t\t\t\t<\/div>\n\t\t<div class=\"animate-in elementor-element elementor-element-2e483b5 e-con-full bg-white shadow-lg shadow-hover-lg fly-sm rounded-10 overflow-hidden e-flex e-con e-child\" data-anim-type=\"pix-3d-up-in\" data-anim-delay=\"0\" data-id=\"2e483b5\" data-element_type=\"container\" data-e-type=\"container\" data-settings=\"{&quot;pix_scale_in&quot;:&quot;none&quot;}\">\n\t\t\t\t<div class=\"elementor-element elementor-element-2febf26 photoBoxNoArrow photoBoxWithTitle elementor-widget elementor-widget-pix-photo-box\" data-id=\"2febf26\" data-element_type=\"widget\" data-e-type=\"widget\" data-widget_type=\"pix-photo-box.default\">\n\t\t\t\t<div class=\"elementor-widget-container\">\n\t\t\t\t\t<div class=\"card w-100 h-100 bg-heading-default bg-transparent   text-left w-100 d-inline-flex pix-hover-item rounded-lg position-relative overflow-hidden text-white\" ><img decoding=\"async\" srcset=\"https:\/\/akun.edu.tr\/wp-content\/uploads\/2025\/09\/Teoman-Kesercioglu-240x300.jpg 240w, https:\/\/akun.edu.tr\/wp-content\/uploads\/2025\/09\/Teoman-Kesercioglu.jpg 600w\" src=\"https:\/\/akun.edu.tr\/wp-content\/uploads\/2025\/09\/Teoman-Kesercioglu.jpg\" class=\"card-img pix-bg-image h-100 pix-img-scale pix-opacity-10 rounded-lg \" alt=\"Prof. Dr. Teoman \u0130smail KESERC\u0130O\u011eLU<br><span>Rector<span>\"><span class=\"d-inline-block w-100 pix-img-overlay pix-p-10 d-flex align-items-end\" style=\"min-height:350px;\"><div class=\"w-100\"><div class=\"card-content-box pix-p-20 rounded-lg w-100 shadow  bg-dynamic-background d-flex justify-content-between align-items-center\"><div class=\"card-title font-weight-bold  text-body-default m-0 w-100\" style=\"font-size:15px;line-height:1.28;\">Prof. Dr. Teoman \u0130smail KESERC\u0130O\u011eLU<br><span>Rector<span><\/div><div class=\"d-inline-flex align-middle text-body-default\" style=\"font-size:15px;line-height:1.28;\"><svg class=\"pixfort-icon \" width=\"24\" height=\"24\"  data-name=\"Line\/pixfort-icon-arrow-right-2\" viewBox=\"2 2 20 20\"><polyline fill=\"none\" stroke=\"var(--pf-icon-color)\" stroke-linecap=\"round\" stroke-linejoin=\"round\" stroke-width=\"var(--pf-icon-stroke-width)\" points=\"9.5 17 14.5 12 9.5 7\"\/><\/svg><\/div><\/div><\/div><\/span><\/div>\t\t\t\t<\/div>\n\t\t\t\t<\/div>\n\t\t\t\t<\/div>\n\t\t<div class=\"animate-in elementor-element elementor-element-402c2c8 e-con-full e-flex e-con e-child\" data-anim-type=\"pix-3d-up-in\" data-anim-delay=\"0\" data-id=\"402c2c8\" data-element_type=\"container\" data-e-type=\"container\" data-settings=\"{&quot;pix_scale_in&quot;:&quot;none&quot;}\">\n\t\t\t\t<\/div>\n\t\t\t\t\t<\/div>\n\t\t\t\t<\/div>\n\t\t\t\t<section class=\"pix-base-transition animate-in elementor-section elementor-inner-section elementor-element elementor-element-73a7ec0 bg-white shadow-lg shadow-hover-lg fly-sm rounded-10 overflow-hidden elementor-section-boxed elementor-section-height-default elementor-section-height-default\" data-anim-type=\"pix-3d-up-in\" data-anim-delay=\"0\" data-id=\"73a7ec0\" data-element_type=\"section\" data-e-type=\"section\" data-settings=\"{&quot;pix_scale_in&quot;:&quot;none&quot;}\">\n\t\t\t\t\t\t<div class=\"elementor-container elementor-column-gap-default\">\n\t\t\t\t\t<div class=\"elementor-column elementor-col-100 elementor-inner-column elementor-element elementor-element-167ae2a\" data-id=\"167ae2a\" data-element_type=\"column\" data-e-type=\"column\" data-settings=\"{&quot;pix_scale_in&quot;:&quot;none&quot;}\">\n\t\t\t<div class=\"elementor-widget-wrap elementor-element-populated\">\n\t\t\t\t\t\t<div class=\"elementor-element elementor-element-61f7260 elementor-widget elementor-widget-pix-sliding-text\" data-id=\"61f7260\" data-element_type=\"widget\" data-e-type=\"widget\" data-widget_type=\"pix-sliding-text.default\">\n\t\t\t\t<div class=\"elementor-widget-container\">\n\t\t\t\t\t<div id=\"el-61f7260\" class=\"mb-3 text-left \"><div class=\"d-inline-block\" style=\"max-width:800px;\"><h2 class=\"mb-32 pix-sliding-headline-2 animate-in font-weight-bold secondary-font \" data-anim-type=\"pix-sliding-text\" data-class=\"secondary-font text-primary\" style=\"\"><span class=\"slide-in-container \"><span class=\"pix-sliding-item secondary-font text-primary\" style=\"transition-delay: 0ms;\">Dear&#32;<\/span><\/span> <span class=\"slide-in-container \"><span class=\"pix-sliding-item secondary-font text-primary\" style=\"transition-delay: 150ms;\">Students,&#32;<\/span><\/span> <\/h2><\/div><\/div>\t\t\t\t<\/div>\n\t\t\t\t<\/div>\n\t\t\t\t<div class=\"elementor-element elementor-element-cdd7e97 elementor-invisible elementor-widget elementor-widget-pix-text\" data-id=\"cdd7e97\" data-element_type=\"widget\" data-e-type=\"widget\" data-widget_type=\"pix-text.default\">\n\t\t\t\t<div class=\"elementor-widget-container\">\n\t\t\t\t\t<div class=\"pix-el-text w-100 text-left \" ><p class=\"resp-option text-left \"><div class=\" animate-in d-inline-block\" data-anim-delay=\"500\" data-anim-type=\"fade-in-up\"><p>People who possess knowledge and skills tend to have more comfortable and successful lives compared to others. Having knowledge and skills means having power. The primary goal of our university is to develop the core competencies and qualifications of our students.  <\/p><p>We aim to educate our graduates as strong, influential, idealistic individuals who are capable of producing original knowledge and who respect human rights and nature.<br><br>In its educational activities, the University of Mediterranean Karpasia applies the philosophy of learning by experiencing\u2014implementing principles of learning through hands-on experience, observation, exploration, and research. Our aim is not only to provide our students with scientific knowledge, but also to teach them how to apply this knowledge in real life. For this purpose, we are committed to working in a planned and organized manner to cultivate students who are the first to notice developments in the economic and social environment.  <br><br>Life offers greater opportunities to those who are proactive compared to those who are reactive. The ability to foresee what may happen is not an innate life skill, but a trait acquired through learning. Proactive individuals possess stronger communication skills. Furthermore, because they act more deliberately, they are more successful at achieving greater and more effective results with fewer resources. They also tend to have stronger management qualities than others.    <br><br>Acting in a planned manner is a skill that can be acquired through education. All of our students will learn how to be organized and plan ahead. When planning is combined with the discipline of completing tasks, the trajectory of success rises sharply. Not postponing tasks and completing them properly and on time\u2014a discipline I call \u201cwork discipline\u201d\u2014will be a distinctive trait that clearly differentiates our students from graduates of other universities.   <br><br>Dear students,<br>Success and happiness are like the chicken and the egg. A successful person is a happy and strong individual. People who are happy have high self-confidence. For this reason, achieving success becomes much easier for them.   <\/p><p><br>Prof. Dr. Teoman \u0130smail KESERC\u0130O\u011eLU<\/p><\/div><\/p><\/div>\t\t\t\t<\/div>\n\t\t\t\t<\/div>\n\t\t\t\t\t<\/div>\n\t\t<\/div>\n\t\t\t\t\t<\/div>\n\t\t<\/section>\n\t\t\t\t\t<\/div>\n\t\t<\/div>\n\t\t\t\t\t<\/div>\n\t\t<\/section>\n\t\t\t\t<\/div>\n\t\t","protected":false},"excerpt":{"rendered":"<p>&lt;img srcset=&quot;https:\/\/akun.edu.tr\/wp-content\/uploads\/2025\/09\/Teoman-Kesercioglu-240&#215;300.jpg 240w, https:\/\/akun.edu.tr\/wp-content\/uploads\/2025\/09\/Teoman-Kesercioglu.jpg 600w&quot; src=&quot;https:\/\/akun.edu.tr\/wp-content\/uploads\/2025\/09\/Teoman-Kesercioglu.jpg&quot; alt=&quot;Prof. Dr. Teoman \u0130smail KESERC\u0130O\u011eLURector&#8221;&gt;Prof. Dr. Teoman \u0130smail KESERC\u0130O\u011eLURector Dear&#032; Students,&#032; People who possess knowledge and skills tend to have more comfortable and successful lives compared to others. Having knowledge and skills means having&#8230;<\/p>\n","protected":false},"author":1,"featured_media":0,"parent":11090,"menu_order":0,"comment_status":"closed","ping_status":"closed","template":"","meta":{"_acf_changed":false,"footnotes":""},"egitim-dili":[],"ogretim-duzeyi":[],"uyruklar":[],"class_list":["post-11104","page","type-page","status-publish","hentry"],"acf":[],"_links":{"self":[{"href":"https:\/\/akun.edu.tr\/en\/wp-json\/wp\/v2\/pages\/11104","targetHints":{"allow":["GET"]}}],"collection":[{"href":"https:\/\/akun.edu.tr\/en\/wp-json\/wp\/v2\/pages"}],"about":[{"href":"https:\/\/akun.edu.tr\/en\/wp-json\/wp\/v2\/types\/page"}],"author":[{"embeddable":true,"href":"https:\/\/akun.edu.tr\/en\/wp-json\/wp\/v2\/users\/1"}],"replies":[{"embeddable":true,"href":"https:\/\/akun.edu.tr\/en\/wp-json\/wp\/v2\/comments?post=11104"}],"version-history":[{"count":5,"href":"https:\/\/akun.edu.tr\/en\/wp-json\/wp\/v2\/pages\/11104\/revisions"}],"predecessor-version":[{"id":15512,"href":"https:\/\/akun.edu.tr\/en\/wp-json\/wp\/v2\/pages\/11104\/revisions\/15512"}],"up":[{"embeddable":true,"href":"https:\/\/akun.edu.tr\/en\/wp-json\/wp\/v2\/pages\/11090"}],"wp:attachment":[{"href":"https:\/\/akun.edu.tr\/en\/wp-json\/wp\/v2\/media?parent=11104"}],"wp:term":[{"taxonomy":"egitim-dili","embeddable":true,"href":"https:\/\/akun.edu.tr\/en\/wp-json\/wp\/v2\/egitim-dili?post=11104"},{"taxonomy":"ogretim-duzeyi","embeddable":true,"href":"https:\/\/akun.edu.tr\/en\/wp-json\/wp\/v2\/ogretim-duzeyi?post=11104"},{"taxonomy":"uyruklar","embeddable":true,"href":"https:\/\/akun.edu.tr\/en\/wp-json\/wp\/v2\/uyruklar?post=11104"}],"curies":[{"name":"wp","href":"https:\/\/api.w.org\/{rel}","templated":true}]}}