{"id":11149,"date":"2025-03-13T14:38:37","date_gmt":"2025-03-13T14:38:37","guid":{"rendered":"https:\/\/akun.edu.tr\/announcements\/"},"modified":"2026-04-02T10:44:57","modified_gmt":"2026-04-02T10:44:57","slug":"announcements","status":"publish","type":"page","link":"https:\/\/akun.edu.tr\/en\/announcements\/","title":{"rendered":"Announcements"},"content":{"rendered":"\t\t<div data-elementor-type=\"wp-page\" data-elementor-id=\"11149\" class=\"elementor elementor-11149 elementor-8235\" data-elementor-post-type=\"page\">\n\t\t\t\t<div class=\"elementor-element elementor-element-f707125 e-flex e-con-boxed e-con e-parent\" data-id=\"f707125\" data-element_type=\"container\" data-e-type=\"container\" data-settings=\"{&quot;pix_scale_in&quot;:&quot;none&quot;}\">\n\t\t\t\t\t<div class=\"e-con-inner\">\n\t\t\t\t<div class=\"elementor-element elementor-element-90a9fab announcementsPage elementor-widget elementor-widget-pix-blog\" data-id=\"90a9fab\" data-element_type=\"widget\" data-e-type=\"widget\" data-widget_type=\"pix-blog.default\">\n\t\t\t\t<div class=\"elementor-widget-container\">\n\t\t\t\t\t<div class=\"row  \"><div class=\"col-xs-12 col-md-4 pix-mb-40\"><article id=\"post-11151\" class=\"h-100 align-self-stretch post-11151 post type-post status-publish format-standard has-post-thumbnail hentry category-announcements pix-pb-0 d-block position-relative \"  ><div class=\"d-inline-block position-relative w-100\"><div class=\"pix-content-box bg-transparent rounded-0 pix-post-meta-element pix-post-meta-default d-flex align-content-between flex-wrap align-self-stretch slide-inner2 overflow-hidden post-11151 post type-post status-publish format-standard has-post-thumbnail hentry category-announcements\"><div class=\"d-flex align-items-start w-100\"><div class=\"w-100\"><div class=\"card rounded-0 pix-hover-item overflow-hidden  text-white2 h-100\"><img fetchpriority=\"high\" decoding=\"async\" width=\"1080\" height=\"1350\" src=\"https:\/\/akun.edu.tr\/wp-content\/uploads\/2025\/06\/cultural-diversity.jpeg\" class=\"img-fluid pix-img-scale pix-fit-cover2 rounded-0 card-img-top\" alt=\"Cultural Diversity Festival\" style=\"max-height: 450px;min-height:100%;width:100%;object-fit:cover;\" srcset=\"https:\/\/akun.edu.tr\/wp-content\/uploads\/2025\/06\/cultural-diversity.jpeg 1080w, https:\/\/akun.edu.tr\/wp-content\/uploads\/2025\/06\/cultural-diversity-240x300.jpeg 240w, https:\/\/akun.edu.tr\/wp-content\/uploads\/2025\/06\/cultural-diversity-819x1024.jpeg 819w, https:\/\/akun.edu.tr\/wp-content\/uploads\/2025\/06\/cultural-diversity-768x960.jpeg 768w\" sizes=\"(max-width: 1080px) 100vw, 1080px\" \/><div class=\"card-img-overlay h-100 d-flex flex-column justify-content-end\"><div class=\"overflow-hidden2\"><div class=\"d-flex align-items-end w-100\"><div class=\"entry-meta pix-fade-in d-flex align-items-center w-100\"><div class=\"flex-fill text-left\"><a href=\"https:\/\/akun.edu.tr\/en\/author\/novaya\/\" class=\"pix-post-meta-author text-heading-default font-weight-bold\" data-toggle=\"tooltip\" data-placement=\"right\" title=\"By novaya\"><img alt='novaya' src='https:\/\/secure.gravatar.com\/avatar\/f5ac6f6204cdf347069e5dff432895e52af3c936eb0132a54b611b2f56f5de17?s=40&#038;d=mm&#038;r=g' srcset='https:\/\/secure.gravatar.com\/avatar\/f5ac6f6204cdf347069e5dff432895e52af3c936eb0132a54b611b2f56f5de17?s=80&#038;d=mm&#038;r=g 2x' class='avatar avatar-40 photo pix_blog_md_avatar shadow' height='40' width='40' \/><\/a><\/div><div class=\"text-right text-sm\"><\/div><\/div><\/div><\/div><\/div><\/div><div class=\"position-relative pix-p-20\"><div class=\"pix-post-meta-categories\"><a href=\"https:\/\/akun.edu.tr\/en\/category\/announcements\/\" target=\"_self\"><span class=\"pix-badge-element custom d-inline-flex mr-1 \"  ><span class=\"badge font-weight-bold  bg-primary-light  \" style=\"font-size:12px; padding:5px 10px;line-height:12px;\"><span class=\"text-primary\" style=\"\">Announcements<\/span><\/span><\/span><\/a><\/div><h4 class=\"entry-title pix-py-10 font-weight-bold \"><a class=\"text-heading-default\" href=\"https:\/\/akun.edu.tr\/en\/announcements\/cultural-diversity-festival\/\" rel=\"bookmark\">Cultural Diversity Festival<\/a><\/h4><\/div><\/div><\/div><\/div><\/div><\/article><\/div><div class=\"col-xs-12 col-md-4 pix-mb-40\"><article id=\"post-11155\" class=\"h-100 align-self-stretch post-11155 post type-post status-publish format-standard has-post-thumbnail hentry category-announcements pix-pb-0 d-block position-relative \"  ><div class=\"d-inline-block position-relative w-100\"><div class=\"pix-content-box bg-transparent rounded-0 pix-post-meta-element pix-post-meta-default d-flex align-content-between flex-wrap align-self-stretch slide-inner2 overflow-hidden post-11155 post type-post status-publish format-standard has-post-thumbnail hentry category-announcements\"><div class=\"d-flex align-items-start w-100\"><div class=\"w-100\"><div class=\"card rounded-0 pix-hover-item overflow-hidden  text-white2 h-100\"><img decoding=\"async\" width=\"1080\" height=\"1350\" src=\"https:\/\/akun.edu.tr\/wp-content\/uploads\/2025\/05\/akun-burs.jpg\" class=\"img-fluid pix-img-scale pix-fit-cover2 rounded-0 card-img-top\" alt=\"UMK Scholarship Exam \u2013 2025\" style=\"max-height: 450px;min-height:100%;width:100%;object-fit:cover;\" srcset=\"https:\/\/akun.edu.tr\/wp-content\/uploads\/2025\/05\/akun-burs.jpg 1080w, https:\/\/akun.edu.tr\/wp-content\/uploads\/2025\/05\/akun-burs-240x300.jpg 240w, https:\/\/akun.edu.tr\/wp-content\/uploads\/2025\/05\/akun-burs-819x1024.jpg 819w, https:\/\/akun.edu.tr\/wp-content\/uploads\/2025\/05\/akun-burs-768x960.jpg 768w\" sizes=\"(max-width: 1080px) 100vw, 1080px\" \/><div class=\"card-img-overlay h-100 d-flex flex-column justify-content-end\"><div class=\"overflow-hidden2\"><div class=\"d-flex align-items-end w-100\"><div class=\"entry-meta pix-fade-in d-flex align-items-center w-100\"><div class=\"flex-fill text-left\"><a href=\"https:\/\/akun.edu.tr\/en\/author\/novaya\/\" class=\"pix-post-meta-author text-heading-default font-weight-bold\" data-toggle=\"tooltip\" data-placement=\"right\" title=\"By novaya\"><img alt='novaya' src='https:\/\/secure.gravatar.com\/avatar\/f5ac6f6204cdf347069e5dff432895e52af3c936eb0132a54b611b2f56f5de17?s=40&#038;d=mm&#038;r=g' srcset='https:\/\/secure.gravatar.com\/avatar\/f5ac6f6204cdf347069e5dff432895e52af3c936eb0132a54b611b2f56f5de17?s=80&#038;d=mm&#038;r=g 2x' class='avatar avatar-40 photo pix_blog_md_avatar shadow' height='40' width='40' \/><\/a><\/div><div class=\"text-right text-sm\"><\/div><\/div><\/div><\/div><\/div><\/div><div class=\"position-relative pix-p-20\"><div class=\"pix-post-meta-categories\"><a href=\"https:\/\/akun.edu.tr\/en\/category\/announcements\/\" target=\"_self\"><span class=\"pix-badge-element custom d-inline-flex mr-1 \"  ><span class=\"badge font-weight-bold  bg-primary-light  \" style=\"font-size:12px; padding:5px 10px;line-height:12px;\"><span class=\"text-primary\" style=\"\">Announcements<\/span><\/span><\/span><\/a><\/div><h4 class=\"entry-title pix-py-10 font-weight-bold \"><a class=\"text-heading-default\" href=\"https:\/\/akun.edu.tr\/en\/announcements\/umk-scholarship-exam-2025\/\" rel=\"bookmark\">UMK Scholarship Exam \u2013 2025<\/a><\/h4><\/div><\/div><\/div><\/div><\/div><\/article><\/div><div class=\"col-xs-12 col-md-4 pix-mb-40\"><article id=\"post-11163\" class=\"h-100 align-self-stretch post-11163 post type-post status-publish format-standard has-post-thumbnail hentry category-announcements pix-pb-0 d-block position-relative \"  ><div class=\"d-inline-block position-relative w-100\"><div class=\"pix-content-box bg-transparent rounded-0 pix-post-meta-element pix-post-meta-default d-flex align-content-between flex-wrap align-self-stretch slide-inner2 overflow-hidden post-11163 post type-post status-publish format-standard has-post-thumbnail hentry category-announcements\"><div class=\"d-flex align-items-start w-100\"><div class=\"w-100\"><div class=\"card rounded-0 pix-hover-item overflow-hidden  text-white2 h-100\"><img decoding=\"async\" width=\"1080\" height=\"1350\" src=\"https:\/\/akun.edu.tr\/wp-content\/uploads\/2025\/06\/graduation.jpeg\" class=\"img-fluid pix-img-scale pix-fit-cover2 rounded-0 card-img-top\" alt=\"2024-2025 Graduation Ceremony\" style=\"max-height: 450px;min-height:100%;width:100%;object-fit:cover;\" srcset=\"https:\/\/akun.edu.tr\/wp-content\/uploads\/2025\/06\/graduation.jpeg 1080w, https:\/\/akun.edu.tr\/wp-content\/uploads\/2025\/06\/graduation-240x300.jpeg 240w, https:\/\/akun.edu.tr\/wp-content\/uploads\/2025\/06\/graduation-819x1024.jpeg 819w, https:\/\/akun.edu.tr\/wp-content\/uploads\/2025\/06\/graduation-768x960.jpeg 768w\" sizes=\"(max-width: 1080px) 100vw, 1080px\" \/><div class=\"card-img-overlay h-100 d-flex flex-column justify-content-end\"><div class=\"overflow-hidden2\"><div class=\"d-flex align-items-end w-100\"><div class=\"entry-meta pix-fade-in d-flex align-items-center w-100\"><div class=\"flex-fill text-left\"><a href=\"https:\/\/akun.edu.tr\/en\/author\/novaya\/\" class=\"pix-post-meta-author text-heading-default font-weight-bold\" data-toggle=\"tooltip\" data-placement=\"right\" title=\"By novaya\"><img alt='novaya' src='https:\/\/secure.gravatar.com\/avatar\/f5ac6f6204cdf347069e5dff432895e52af3c936eb0132a54b611b2f56f5de17?s=40&#038;d=mm&#038;r=g' srcset='https:\/\/secure.gravatar.com\/avatar\/f5ac6f6204cdf347069e5dff432895e52af3c936eb0132a54b611b2f56f5de17?s=80&#038;d=mm&#038;r=g 2x' class='avatar avatar-40 photo pix_blog_md_avatar shadow' height='40' width='40' \/><\/a><\/div><div class=\"text-right text-sm\"><\/div><\/div><\/div><\/div><\/div><\/div><div class=\"position-relative pix-p-20\"><div class=\"pix-post-meta-categories\"><a href=\"https:\/\/akun.edu.tr\/en\/category\/announcements\/\" target=\"_self\"><span class=\"pix-badge-element custom d-inline-flex mr-1 \"  ><span class=\"badge font-weight-bold  bg-primary-light  \" style=\"font-size:12px; padding:5px 10px;line-height:12px;\"><span class=\"text-primary\" style=\"\">Announcements<\/span><\/span><\/span><\/a><\/div><h4 class=\"entry-title pix-py-10 font-weight-bold \"><a class=\"text-heading-default\" href=\"https:\/\/akun.edu.tr\/en\/announcements\/2024-2025-graduation-ceremony\/\" rel=\"bookmark\">2024-2025 Graduation Ceremony<\/a><\/h4><\/div><\/div><\/div><\/div><\/div><\/article><\/div><div class=\"col-xs-12 col-md-4 pix-mb-40\"><article id=\"post-11165\" class=\"h-100 align-self-stretch post-11165 post type-post status-publish format-standard has-post-thumbnail hentry category-announcements pix-pb-0 d-block position-relative \"  ><div class=\"d-inline-block position-relative w-100\"><div class=\"pix-content-box bg-transparent rounded-0 pix-post-meta-element pix-post-meta-default d-flex align-content-between flex-wrap align-self-stretch slide-inner2 overflow-hidden post-11165 post type-post status-publish format-standard has-post-thumbnail hentry category-announcements\"><div class=\"d-flex align-items-start w-100\"><div class=\"w-100\"><div class=\"card rounded-0 pix-hover-item overflow-hidden  text-white2 h-100\"><img loading=\"lazy\" decoding=\"async\" width=\"1080\" height=\"1350\" src=\"https:\/\/akun.edu.tr\/wp-content\/uploads\/2025\/03\/final-programi.jpg\" class=\"img-fluid pix-img-scale pix-fit-cover2 rounded-0 card-img-top\" alt=\"2024-2025 Fall Semester Final Exam Schedule\" style=\"max-height: 450px;min-height:100%;width:100%;object-fit:cover;\" srcset=\"https:\/\/akun.edu.tr\/wp-content\/uploads\/2025\/03\/final-programi.jpg 1080w, https:\/\/akun.edu.tr\/wp-content\/uploads\/2025\/03\/final-programi-240x300.jpg 240w, https:\/\/akun.edu.tr\/wp-content\/uploads\/2025\/03\/final-programi-819x1024.jpg 819w, https:\/\/akun.edu.tr\/wp-content\/uploads\/2025\/03\/final-programi-768x960.jpg 768w\" sizes=\"(max-width: 1080px) 100vw, 1080px\" \/><div class=\"card-img-overlay h-100 d-flex flex-column justify-content-end\"><div class=\"overflow-hidden2\"><div class=\"d-flex align-items-end w-100\"><div class=\"entry-meta pix-fade-in d-flex align-items-center w-100\"><div class=\"flex-fill text-left\"><a href=\"https:\/\/akun.edu.tr\/en\/author\/novaya\/\" class=\"pix-post-meta-author text-heading-default font-weight-bold\" data-toggle=\"tooltip\" data-placement=\"right\" title=\"By novaya\"><img alt='novaya' src='https:\/\/secure.gravatar.com\/avatar\/f5ac6f6204cdf347069e5dff432895e52af3c936eb0132a54b611b2f56f5de17?s=40&#038;d=mm&#038;r=g' srcset='https:\/\/secure.gravatar.com\/avatar\/f5ac6f6204cdf347069e5dff432895e52af3c936eb0132a54b611b2f56f5de17?s=80&#038;d=mm&#038;r=g 2x' class='avatar avatar-40 photo pix_blog_md_avatar shadow' height='40' width='40' \/><\/a><\/div><div class=\"text-right text-sm\"><\/div><\/div><\/div><\/div><\/div><\/div><div class=\"position-relative pix-p-20\"><div class=\"pix-post-meta-categories\"><a href=\"https:\/\/akun.edu.tr\/en\/category\/announcements\/\" target=\"_self\"><span class=\"pix-badge-element custom d-inline-flex mr-1 \"  ><span class=\"badge font-weight-bold  bg-primary-light  \" style=\"font-size:12px; padding:5px 10px;line-height:12px;\"><span class=\"text-primary\" style=\"\">Announcements<\/span><\/span><\/span><\/a><\/div><h4 class=\"entry-title pix-py-10 font-weight-bold \"><a class=\"text-heading-default\" href=\"https:\/\/akun.edu.tr\/en\/announcements\/2024-2025-fall-semester-final-exam-schedule\/\" rel=\"bookmark\">2024-2025 Fall Semester Final Exam Schedule<\/a><\/h4><\/div><\/div><\/div><\/div><\/div><\/article><\/div><div class=\"pix-pagination d-sm-flex pix-mt-20 w-100 justify-content-center align-items-center\"><\/div><\/div>\n\t\t\t\t<\/div>\n\t\t\t\t<\/div>\n\t\t\t\t\t<\/div>\n\t\t\t\t<\/div>\n\t\t\t\t<\/div>\n\t\t","protected":false},"excerpt":{"rendered":"<p>Duyurular K\u00fclt\u00fcrel \u00c7e\u015fitlilik Festivali Duyurular AK\u00dcN Burs S\u0131nav\u0131 &#8211; 2025 Duyurular 2024-2025 Mezuniyet T\u00f6reni Duyurular 2024-2025 G\u00fcz D\u00f6nemi Final S\u0131nav Takvimi<\/p>\n","protected":false},"author":1,"featured_media":0,"parent":0,"menu_order":0,"comment_status":"closed","ping_status":"closed","template":"","meta":{"_acf_changed":false,"footnotes":""},"egitim-dili":[],"ogretim-duzeyi":[],"uyruklar":[],"class_list":["post-11149","page","type-page","status-publish","hentry"],"acf":[],"_links":{"self":[{"href":"https:\/\/akun.edu.tr\/en\/wp-json\/wp\/v2\/pages\/11149","targetHints":{"allow":["GET"]}}],"collection":[{"href":"https:\/\/akun.edu.tr\/en\/wp-json\/wp\/v2\/pages"}],"about":[{"href":"https:\/\/akun.edu.tr\/en\/wp-json\/wp\/v2\/types\/page"}],"author":[{"embeddable":true,"href":"https:\/\/akun.edu.tr\/en\/wp-json\/wp\/v2\/users\/1"}],"replies":[{"embeddable":true,"href":"https:\/\/akun.edu.tr\/en\/wp-json\/wp\/v2\/comments?post=11149"}],"version-history":[{"count":5,"href":"https:\/\/akun.edu.tr\/en\/wp-json\/wp\/v2\/pages\/11149\/revisions"}],"predecessor-version":[{"id":13833,"href":"https:\/\/akun.edu.tr\/en\/wp-json\/wp\/v2\/pages\/11149\/revisions\/13833"}],"wp:attachment":[{"href":"https:\/\/akun.edu.tr\/en\/wp-json\/wp\/v2\/media?parent=11149"}],"wp:term":[{"taxonomy":"egitim-dili","embeddable":true,"href":"https:\/\/akun.edu.tr\/en\/wp-json\/wp\/v2\/egitim-dili?post=11149"},{"taxonomy":"ogretim-duzeyi","embeddable":true,"href":"https:\/\/akun.edu.tr\/en\/wp-json\/wp\/v2\/ogretim-duzeyi?post=11149"},{"taxonomy":"uyruklar","embeddable":true,"href":"https:\/\/akun.edu.tr\/en\/wp-json\/wp\/v2\/uyruklar?post=11149"}],"curies":[{"name":"wp","href":"https:\/\/api.w.org\/{rel}","templated":true}]}}