{"id":11209,"date":"2025-03-11T17:31:11","date_gmt":"2025-03-11T17:31:11","guid":{"rendered":"https:\/\/akun.edu.tr\/news\/"},"modified":"2026-04-17T17:31:58","modified_gmt":"2026-04-17T17:31:58","slug":"news","status":"publish","type":"page","link":"https:\/\/akun.edu.tr\/en\/news\/","title":{"rendered":"News"},"content":{"rendered":"\t\t<div data-elementor-type=\"wp-page\" data-elementor-id=\"11209\" class=\"elementor elementor-11209 elementor-7935\" data-elementor-post-type=\"page\">\n\t\t\t\t\t\t<section class=\"elementor-section elementor-top-section elementor-element elementor-element-248c5daa elementor-section-boxed elementor-section-height-default elementor-section-height-default\" data-id=\"248c5daa\" data-element_type=\"section\" data-e-type=\"section\" data-settings=\"{&quot;background_background&quot;:&quot;classic&quot;,&quot;pix_scale_in&quot;:&quot;none&quot;}\">\n\t\t\t\t\t\t<div class=\"elementor-container elementor-column-gap-default\">\n\t\t\t\t\t<div class=\"elementor-column elementor-col-100 elementor-top-column elementor-element elementor-element-6b411e62\" data-id=\"6b411e62\" data-element_type=\"column\" data-e-type=\"column\" data-settings=\"{&quot;pix_scale_in&quot;:&quot;none&quot;}\">\n\t\t\t<div class=\"elementor-widget-wrap elementor-element-populated\">\n\t\t\t\t\t\t<div class=\"elementor-element elementor-element-2371d331 elementor-widget elementor-widget-pix-blog\" data-id=\"2371d331\" data-element_type=\"widget\" data-e-type=\"widget\" data-widget_type=\"pix-blog.default\">\n\t\t\t\t<div class=\"elementor-widget-container\">\n\t\t\t\t\t<div class=\"row  \"><div class=\"col-xs-12 col-md-4 pix-mb-40\"><article id=\"post-13698\" class=\"h-100 align-self-stretch post-13698 post type-post status-publish format-standard has-post-thumbnail hentry category-news pix-pb-0 d-block position-relative \"  ><div class=\"d-inline-block position-relative w-100\"><div class=\"pix-content-box  pix-base-background rounded-10 shadow shadow-hover fly-sm pix-post-meta-element pix-post-meta-default d-flex align-content-between flex-wrap align-self-stretch slide-inner2 overflow-hidden post-13698 post type-post status-publish format-standard has-post-thumbnail hentry category-news\"><div class=\"d-flex align-items-start w-100\"><div class=\"w-100\"><div class=\"card rounded-0 rounded-t-xl pix-hover-item overflow-hidden  text-white2 h-100\"><img fetchpriority=\"high\" decoding=\"async\" width=\"1400\" height=\"900\" src=\"https:\/\/akun.edu.tr\/wp-content\/uploads\/2025\/10\/Academic-Year-Ceremony.jpg\" class=\"img-fluid pix-img-scale pix-fit-cover2 rounded-0 card-img-top not-transparent\" alt=\"We Held Our 2025-2026 Academic Year Opening Ceremony\" style=\"--dominant-color: #443e4b;max-height: 450px;min-height:100%;width:100%;object-fit:cover;\" srcset=\"https:\/\/akun.edu.tr\/wp-content\/uploads\/2025\/10\/Academic-Year-Ceremony.jpg 1400w, https:\/\/akun.edu.tr\/wp-content\/uploads\/2025\/10\/Academic-Year-Ceremony-300x193.jpg 300w, https:\/\/akun.edu.tr\/wp-content\/uploads\/2025\/10\/Academic-Year-Ceremony-1024x658.jpg 1024w, https:\/\/akun.edu.tr\/wp-content\/uploads\/2025\/10\/Academic-Year-Ceremony-768x494.jpg 768w, https:\/\/akun.edu.tr\/wp-content\/uploads\/2025\/10\/Academic-Year-Ceremony-622x400.jpg 622w\" sizes=\"(max-width: 1400px) 100vw, 1400px\" data-has-transparency=\"false\" data-dominant-color=\"443e4b\" \/><div class=\"card-img-overlay h-100 d-flex flex-column justify-content-end\"><div class=\"overflow-hidden2\"><div class=\"d-flex align-items-end w-100\"><div class=\"entry-meta pix-fade-in d-flex align-items-center w-100\"><div class=\"flex-fill text-left\"><a href=\"https:\/\/akun.edu.tr\/en\/author\/novaya\/\" class=\"pix-post-meta-author text-heading-default font-weight-bold\" data-toggle=\"tooltip\" data-placement=\"right\" title=\"By novaya\"><img alt='novaya' src='https:\/\/secure.gravatar.com\/avatar\/f5ac6f6204cdf347069e5dff432895e52af3c936eb0132a54b611b2f56f5de17?s=40&#038;d=mm&#038;r=g' srcset='https:\/\/secure.gravatar.com\/avatar\/f5ac6f6204cdf347069e5dff432895e52af3c936eb0132a54b611b2f56f5de17?s=80&#038;d=mm&#038;r=g 2x' class='avatar avatar-40 photo pix_blog_md_avatar shadow' height='40' width='40' \/><\/a><\/div><div class=\"text-right text-sm\"><\/div><\/div><\/div><\/div><\/div><\/div><div class=\"position-relative pix-p-20\"><div class=\"pix-post-meta-categories\"><a href=\"https:\/\/akun.edu.tr\/en\/category\/news\/\" target=\"_self\"><span class=\"pix-badge-element custom d-inline-flex mr-1 \"  ><span class=\"badge font-weight-bold  bg-primary-light  \" style=\"font-size:12px; padding:5px 10px;line-height:12px;\"><span class=\"text-primary\" style=\"\">News<\/span><\/span><\/span><\/a><\/div><h4 class=\"entry-title pix-py-10 font-weight-bold \"><a class=\"text-heading-default\" href=\"https:\/\/akun.edu.tr\/en\/news\/we-held-our-2025-2026-academic-year-opening-ceremony\/\" rel=\"bookmark\">We Held Our 2025-2026 Academic Year Opening Ceremony<\/a><\/h4><\/div><\/div><\/div><\/div><\/div><\/article><\/div><div class=\"col-xs-12 col-md-4 pix-mb-40\"><article id=\"post-11206\" class=\"h-100 align-self-stretch post-11206 post type-post status-publish format-standard has-post-thumbnail hentry category-news pix-pb-0 d-block position-relative \"  ><div class=\"d-inline-block position-relative w-100\"><div class=\"pix-content-box  pix-base-background rounded-10 shadow shadow-hover fly-sm pix-post-meta-element pix-post-meta-default d-flex align-content-between flex-wrap align-self-stretch slide-inner2 overflow-hidden post-11206 post type-post status-publish format-standard has-post-thumbnail hentry category-news\"><div class=\"d-flex align-items-start w-100\"><div class=\"w-100\"><div class=\"card rounded-0 rounded-t-xl pix-hover-item overflow-hidden  text-white2 h-100\"><img decoding=\"async\" width=\"1400\" height=\"900\" src=\"https:\/\/akun.edu.tr\/wp-content\/uploads\/2025\/03\/Dr-Servet-Sami-Dedecay.png\" class=\"img-fluid pix-img-scale pix-fit-cover2 rounded-0 card-img-top\" alt=\"Dr. Servet Sami Dede\u00e7ay Seminar Held\" style=\"max-height: 450px;min-height:100%;width:100%;object-fit:cover;\" srcset=\"https:\/\/akun.edu.tr\/wp-content\/uploads\/2025\/03\/Dr-Servet-Sami-Dedecay.png 1400w, https:\/\/akun.edu.tr\/wp-content\/uploads\/2025\/03\/Dr-Servet-Sami-Dedecay-300x193.png 300w, https:\/\/akun.edu.tr\/wp-content\/uploads\/2025\/03\/Dr-Servet-Sami-Dedecay-1024x658.png 1024w, https:\/\/akun.edu.tr\/wp-content\/uploads\/2025\/03\/Dr-Servet-Sami-Dedecay-768x494.png 768w, https:\/\/akun.edu.tr\/wp-content\/uploads\/2025\/03\/Dr-Servet-Sami-Dedecay-622x400.png 622w\" sizes=\"(max-width: 1400px) 100vw, 1400px\" \/><div class=\"card-img-overlay h-100 d-flex flex-column justify-content-end\"><div class=\"overflow-hidden2\"><div class=\"d-flex align-items-end w-100\"><div class=\"entry-meta pix-fade-in d-flex align-items-center w-100\"><div class=\"flex-fill text-left\"><a href=\"https:\/\/akun.edu.tr\/en\/author\/novaya\/\" class=\"pix-post-meta-author text-heading-default font-weight-bold\" data-toggle=\"tooltip\" data-placement=\"right\" title=\"By novaya\"><img alt='novaya' src='https:\/\/secure.gravatar.com\/avatar\/f5ac6f6204cdf347069e5dff432895e52af3c936eb0132a54b611b2f56f5de17?s=40&#038;d=mm&#038;r=g' srcset='https:\/\/secure.gravatar.com\/avatar\/f5ac6f6204cdf347069e5dff432895e52af3c936eb0132a54b611b2f56f5de17?s=80&#038;d=mm&#038;r=g 2x' class='avatar avatar-40 photo pix_blog_md_avatar shadow' height='40' width='40' \/><\/a><\/div><div class=\"text-right text-sm\"><\/div><\/div><\/div><\/div><\/div><\/div><div class=\"position-relative pix-p-20\"><div class=\"pix-post-meta-categories\"><a href=\"https:\/\/akun.edu.tr\/en\/category\/news\/\" target=\"_self\"><span class=\"pix-badge-element custom d-inline-flex mr-1 \"  ><span class=\"badge font-weight-bold  bg-primary-light  \" style=\"font-size:12px; padding:5px 10px;line-height:12px;\"><span class=\"text-primary\" style=\"\">News<\/span><\/span><\/span><\/a><\/div><h4 class=\"entry-title pix-py-10 font-weight-bold \"><a class=\"text-heading-default\" href=\"https:\/\/akun.edu.tr\/en\/news\/dr-servet-sami-dedecay-seminar-held\/\" rel=\"bookmark\">Dr. Servet Sami Dede\u00e7ay Seminar Held<\/a><\/h4><\/div><\/div><\/div><\/div><\/div><\/article><\/div><div class=\"col-xs-12 col-md-4 pix-mb-40\"><article id=\"post-11198\" class=\"h-100 align-self-stretch post-11198 post type-post status-publish format-standard has-post-thumbnail hentry category-news pix-pb-0 d-block position-relative \"  ><div class=\"d-inline-block position-relative w-100\"><div class=\"pix-content-box  pix-base-background rounded-10 shadow shadow-hover fly-sm pix-post-meta-element pix-post-meta-default d-flex align-content-between flex-wrap align-self-stretch slide-inner2 overflow-hidden post-11198 post type-post status-publish format-standard has-post-thumbnail hentry category-news\"><div class=\"d-flex align-items-start w-100\"><div class=\"w-100\"><div class=\"card rounded-0 rounded-t-xl pix-hover-item overflow-hidden  text-white2 h-100\"><img decoding=\"async\" width=\"1400\" height=\"900\" src=\"https:\/\/akun.edu.tr\/wp-content\/uploads\/2025\/03\/zero-discrimination.png\" class=\"img-fluid pix-img-scale pix-fit-cover2 rounded-0 card-img-top\" alt=\"Zero Discrimination Day Panel Held\" style=\"max-height: 450px;min-height:100%;width:100%;object-fit:cover;\" srcset=\"https:\/\/akun.edu.tr\/wp-content\/uploads\/2025\/03\/zero-discrimination.png 1400w, https:\/\/akun.edu.tr\/wp-content\/uploads\/2025\/03\/zero-discrimination-300x193.png 300w, https:\/\/akun.edu.tr\/wp-content\/uploads\/2025\/03\/zero-discrimination-1024x658.png 1024w, https:\/\/akun.edu.tr\/wp-content\/uploads\/2025\/03\/zero-discrimination-768x494.png 768w, https:\/\/akun.edu.tr\/wp-content\/uploads\/2025\/03\/zero-discrimination-622x400.png 622w\" sizes=\"(max-width: 1400px) 100vw, 1400px\" \/><div class=\"card-img-overlay h-100 d-flex flex-column justify-content-end\"><div class=\"overflow-hidden2\"><div class=\"d-flex align-items-end w-100\"><div class=\"entry-meta pix-fade-in d-flex align-items-center w-100\"><div class=\"flex-fill text-left\"><a href=\"https:\/\/akun.edu.tr\/en\/author\/novaya\/\" class=\"pix-post-meta-author text-heading-default font-weight-bold\" data-toggle=\"tooltip\" data-placement=\"right\" title=\"By novaya\"><img alt='novaya' src='https:\/\/secure.gravatar.com\/avatar\/f5ac6f6204cdf347069e5dff432895e52af3c936eb0132a54b611b2f56f5de17?s=40&#038;d=mm&#038;r=g' srcset='https:\/\/secure.gravatar.com\/avatar\/f5ac6f6204cdf347069e5dff432895e52af3c936eb0132a54b611b2f56f5de17?s=80&#038;d=mm&#038;r=g 2x' class='avatar avatar-40 photo pix_blog_md_avatar shadow' height='40' width='40' \/><\/a><\/div><div class=\"text-right text-sm\"><\/div><\/div><\/div><\/div><\/div><\/div><div class=\"position-relative pix-p-20\"><div class=\"pix-post-meta-categories\"><a href=\"https:\/\/akun.edu.tr\/en\/category\/news\/\" target=\"_self\"><span class=\"pix-badge-element custom d-inline-flex mr-1 \"  ><span class=\"badge font-weight-bold  bg-primary-light  \" style=\"font-size:12px; padding:5px 10px;line-height:12px;\"><span class=\"text-primary\" style=\"\">News<\/span><\/span><\/span><\/a><\/div><h4 class=\"entry-title pix-py-10 font-weight-bold \"><a class=\"text-heading-default\" href=\"https:\/\/akun.edu.tr\/en\/news\/zero-discrimination-day-panel-held\/\" rel=\"bookmark\">Zero Discrimination Day Panel Held<\/a><\/h4><\/div><\/div><\/div><\/div><\/div><\/article><\/div><div class=\"col-xs-12 col-md-4 pix-mb-40\"><article id=\"post-11184\" class=\"h-100 align-self-stretch post-11184 post type-post status-publish format-standard has-post-thumbnail hentry category-news pix-pb-0 d-block position-relative \"  ><div class=\"d-inline-block position-relative w-100\"><div class=\"pix-content-box  pix-base-background rounded-10 shadow shadow-hover fly-sm pix-post-meta-element pix-post-meta-default d-flex align-content-between flex-wrap align-self-stretch slide-inner2 overflow-hidden post-11184 post type-post status-publish format-standard has-post-thumbnail hentry category-news\"><div class=\"d-flex align-items-start w-100\"><div class=\"w-100\"><div class=\"card rounded-0 rounded-t-xl pix-hover-item overflow-hidden  text-white2 h-100\"><img loading=\"lazy\" decoding=\"async\" width=\"1400\" height=\"900\" src=\"https:\/\/akun.edu.tr\/wp-content\/uploads\/2025\/02\/Yasayan-Degerlerimiz.png\" class=\"img-fluid pix-img-scale pix-fit-cover2 rounded-0 card-img-top\" alt=\"Our Living Values \u200b\u200bSeminar Held\" style=\"max-height: 450px;min-height:100%;width:100%;object-fit:cover;\" srcset=\"https:\/\/akun.edu.tr\/wp-content\/uploads\/2025\/02\/Yasayan-Degerlerimiz.png 1400w, https:\/\/akun.edu.tr\/wp-content\/uploads\/2025\/02\/Yasayan-Degerlerimiz-300x193.png 300w, https:\/\/akun.edu.tr\/wp-content\/uploads\/2025\/02\/Yasayan-Degerlerimiz-1024x658.png 1024w, https:\/\/akun.edu.tr\/wp-content\/uploads\/2025\/02\/Yasayan-Degerlerimiz-768x494.png 768w, https:\/\/akun.edu.tr\/wp-content\/uploads\/2025\/02\/Yasayan-Degerlerimiz-622x400.png 622w\" sizes=\"(max-width: 1400px) 100vw, 1400px\" \/><div class=\"card-img-overlay h-100 d-flex flex-column justify-content-end\"><div class=\"overflow-hidden2\"><div class=\"d-flex align-items-end w-100\"><div class=\"entry-meta pix-fade-in d-flex align-items-center w-100\"><div class=\"flex-fill text-left\"><a href=\"https:\/\/akun.edu.tr\/en\/author\/novaya\/\" class=\"pix-post-meta-author text-heading-default font-weight-bold\" data-toggle=\"tooltip\" data-placement=\"right\" title=\"By novaya\"><img alt='novaya' src='https:\/\/secure.gravatar.com\/avatar\/f5ac6f6204cdf347069e5dff432895e52af3c936eb0132a54b611b2f56f5de17?s=40&#038;d=mm&#038;r=g' srcset='https:\/\/secure.gravatar.com\/avatar\/f5ac6f6204cdf347069e5dff432895e52af3c936eb0132a54b611b2f56f5de17?s=80&#038;d=mm&#038;r=g 2x' class='avatar avatar-40 photo pix_blog_md_avatar shadow' height='40' width='40' \/><\/a><\/div><div class=\"text-right text-sm\"><\/div><\/div><\/div><\/div><\/div><\/div><div class=\"position-relative pix-p-20\"><div class=\"pix-post-meta-categories\"><a href=\"https:\/\/akun.edu.tr\/en\/category\/news\/\" target=\"_self\"><span class=\"pix-badge-element custom d-inline-flex mr-1 \"  ><span class=\"badge font-weight-bold  bg-primary-light  \" style=\"font-size:12px; padding:5px 10px;line-height:12px;\"><span class=\"text-primary\" style=\"\">News<\/span><\/span><\/span><\/a><\/div><h4 class=\"entry-title pix-py-10 font-weight-bold \"><a class=\"text-heading-default\" href=\"https:\/\/akun.edu.tr\/en\/news\/our-living-values-seminar-held\/\" rel=\"bookmark\">Our Living Values \u200b\u200bSeminar Held<\/a><\/h4><\/div><\/div><\/div><\/div><\/div><\/article><\/div><div class=\"pix-pagination d-sm-flex pix-mt-20 w-100 justify-content-center align-items-center\"><\/div><\/div>\n\t\t\t\t<\/div>\n\t\t\t\t<\/div>\n\t\t\t\t\t<\/div>\n\t\t<\/div>\n\t\t\t\t\t<\/div>\n\t\t<\/section>\n\t\t\t\t<\/div>\n\t\t","protected":false},"excerpt":{"rendered":"<p>Haberler Dr. Servet Sami Dede\u00e7ay Semineri Ger\u00e7ekle\u015ftirildi Haberler Zero Discrimination Day Paneli Ger\u00e7ekle\u015ftirildi Haberler Ya\u015fayan De\u011ferlerimiz Semineri Ger\u00e7ekle\u015ftirildi<\/p>\n","protected":false},"author":1,"featured_media":0,"parent":0,"menu_order":0,"comment_status":"closed","ping_status":"closed","template":"","meta":{"_acf_changed":false,"footnotes":""},"egitim-dili":[],"ogretim-duzeyi":[],"uyruklar":[],"class_list":["post-11209","page","type-page","status-publish","hentry"],"acf":[],"_links":{"self":[{"href":"https:\/\/akun.edu.tr\/en\/wp-json\/wp\/v2\/pages\/11209","targetHints":{"allow":["GET"]}}],"collection":[{"href":"https:\/\/akun.edu.tr\/en\/wp-json\/wp\/v2\/pages"}],"about":[{"href":"https:\/\/akun.edu.tr\/en\/wp-json\/wp\/v2\/types\/page"}],"author":[{"embeddable":true,"href":"https:\/\/akun.edu.tr\/en\/wp-json\/wp\/v2\/users\/1"}],"replies":[{"embeddable":true,"href":"https:\/\/akun.edu.tr\/en\/wp-json\/wp\/v2\/comments?post=11209"}],"version-history":[{"count":2,"href":"https:\/\/akun.edu.tr\/en\/wp-json\/wp\/v2\/pages\/11209\/revisions"}],"predecessor-version":[{"id":12352,"href":"https:\/\/akun.edu.tr\/en\/wp-json\/wp\/v2\/pages\/11209\/revisions\/12352"}],"wp:attachment":[{"href":"https:\/\/akun.edu.tr\/en\/wp-json\/wp\/v2\/media?parent=11209"}],"wp:term":[{"taxonomy":"egitim-dili","embeddable":true,"href":"https:\/\/akun.edu.tr\/en\/wp-json\/wp\/v2\/egitim-dili?post=11209"},{"taxonomy":"ogretim-duzeyi","embeddable":true,"href":"https:\/\/akun.edu.tr\/en\/wp-json\/wp\/v2\/ogretim-duzeyi?post=11209"},{"taxonomy":"uyruklar","embeddable":true,"href":"https:\/\/akun.edu.tr\/en\/wp-json\/wp\/v2\/uyruklar?post=11209"}],"curies":[{"name":"wp","href":"https:\/\/api.w.org\/{rel}","templated":true}]}}