{"id":11212,"date":"2025-03-11T18:22:01","date_gmt":"2025-03-11T18:22:01","guid":{"rendered":"https:\/\/akun.edu.tr\/akademic-calendar\/"},"modified":"2026-04-09T06:43:50","modified_gmt":"2026-04-09T06:43:50","slug":"academic-calendar","status":"publish","type":"page","link":"https:\/\/akun.edu.tr\/en\/academic-calendar\/","title":{"rendered":"Academic Calendar"},"content":{"rendered":"\t\t<div data-elementor-type=\"wp-page\" data-elementor-id=\"11212\" class=\"elementor elementor-11212 elementor-7996\" data-elementor-post-type=\"page\">\n\t\t\t\t\t\t<section class=\"elementor-section elementor-top-section elementor-element elementor-element-1b99a3f elementor-section-boxed elementor-section-height-default elementor-section-height-default\" data-id=\"1b99a3f\" data-element_type=\"section\" data-e-type=\"section\" data-settings=\"{&quot;pix_scale_in&quot;:&quot;none&quot;}\">\n\t\t\t\t\t\t<div class=\"elementor-container elementor-column-gap-default\">\n\t\t\t\t\t<div class=\"elementor-column elementor-col-100 elementor-top-column elementor-element elementor-element-9085dc5\" data-id=\"9085dc5\" data-element_type=\"column\" data-e-type=\"column\" data-settings=\"{&quot;pix_scale_in&quot;:&quot;none&quot;}\">\n\t\t\t<div class=\"elementor-widget-wrap elementor-element-populated\">\n\t\t\t\t\t\t<section class=\"pix-base-transition animate-in elementor-section elementor-inner-section elementor-element elementor-element-98d1182 bg-white shadow-lg shadow-hover-lg fly-sm rounded-10 overflow-hidden elementor-section-boxed elementor-section-height-default elementor-section-height-default\" data-anim-type=\"pix-3d-up-in\" data-anim-delay=\"0\" data-id=\"98d1182\" data-element_type=\"section\" data-e-type=\"section\" data-settings=\"{&quot;pix_scale_in&quot;:&quot;none&quot;}\">\n\t\t\t\t\t\t<div class=\"elementor-container elementor-column-gap-default\">\n\t\t\t\t\t<div class=\"elementor-column elementor-col-100 elementor-inner-column elementor-element elementor-element-ad5ff34\" data-id=\"ad5ff34\" data-element_type=\"column\" data-e-type=\"column\" data-settings=\"{&quot;pix_scale_in&quot;:&quot;none&quot;}\">\n\t\t\t<div class=\"elementor-widget-wrap elementor-element-populated\">\n\t\t\t\t\t\t<div class=\"elementor-element elementor-element-7fa87e9 elementor-widget elementor-widget-pix-sliding-text\" data-id=\"7fa87e9\" data-element_type=\"widget\" data-e-type=\"widget\" data-widget_type=\"pix-sliding-text.default\">\n\t\t\t\t<div class=\"elementor-widget-container\">\n\t\t\t\t\t<div id=\"el-7fa87e9\" class=\"mb-3 text-left \"><div class=\"d-inline-block\" style=\"max-width:100%;\"><h3 class=\"mb-32 pix-sliding-headline-2 animate-in font-weight-bold secondary-font \" data-anim-type=\"pix-sliding-text\" data-class=\"secondary-font text-primary\" style=\"\"><span class=\"slide-in-container \"><span class=\"pix-sliding-item secondary-font text-primary\" style=\"transition-delay: 0ms;\">2024-2025&#32;<\/span><\/span> <span class=\"slide-in-container \"><span class=\"pix-sliding-item secondary-font text-primary\" style=\"transition-delay: 150ms;\">Academic&#32;<\/span><\/span> <span class=\"slide-in-container \"><span class=\"pix-sliding-item secondary-font text-primary\" style=\"transition-delay: 300ms;\">Year&#32;<\/span><\/span> <span class=\"slide-in-container \"><span class=\"pix-sliding-item secondary-font text-primary\" style=\"transition-delay: 450ms;\">Academic&#32;<\/span><\/span> <span class=\"slide-in-container \"><span class=\"pix-sliding-item secondary-font text-primary\" style=\"transition-delay: 600ms;\">Calendar&#32;<\/span><\/span> <\/h3><\/div><\/div>\t\t\t\t<\/div>\n\t\t\t\t<\/div>\n\t\t\t\t\t<\/div>\n\t\t<\/div>\n\t\t\t\t\t<\/div>\n\t\t<\/section>\n\t\t\t\t<section class=\"pix-base-transition elementor-section elementor-inner-section elementor-element elementor-element-ff79b93 bg-white shadow-lg shadow-hover-lg fly-sm rounded-10 overflow-hidden elementor-section-boxed elementor-section-height-default elementor-section-height-default\" data-id=\"ff79b93\" data-element_type=\"section\" data-e-type=\"section\" data-settings=\"{&quot;pix_scale_in&quot;:&quot;none&quot;}\">\n\t\t\t\t\t\t<div class=\"elementor-container elementor-column-gap-default\">\n\t\t\t\t\t<div class=\"elementor-column elementor-col-100 elementor-inner-column elementor-element elementor-element-77281c9\" data-id=\"77281c9\" data-element_type=\"column\" data-e-type=\"column\" data-settings=\"{&quot;pix_scale_in&quot;:&quot;none&quot;}\">\n\t\t\t<div class=\"elementor-widget-wrap elementor-element-populated\">\n\t\t\t\t\t\t<div class=\"elementor-element elementor-element-8c46e4e elementor-widget elementor-widget-tablepress-table\" data-id=\"8c46e4e\" data-element_type=\"widget\" data-e-type=\"widget\" data-widget_type=\"tablepress-table.default\">\n\t\t\t\t\t\n<table id=\"tablepress-10\" class=\"tablepress tablepress-id-10 tbody-has-connected-cells\">\n<tbody class=\"row-striping row-hover\">\n<tr class=\"row-1\">\n\t<td colspan=\"2\" class=\"column-1\"><strong>G\u00fcz D\u00f6nemi<\/strong><\/td>\n<\/tr>\n<tr class=\"row-2\">\n\t<td class=\"column-1\">1-30 Eyl\u00fcl<\/td><td class=\"column-2\">Kay\u0131t D\u00f6nemi<\/td>\n<\/tr>\n<tr class=\"row-3\">\n\t<td class=\"column-1\">15 Eyl\u00fcl<\/td><td class=\"column-2\">\u0130ngilizce Yeterlilik S\u0131nav\u0131 1. A\u015fama<\/td>\n<\/tr>\n<tr class=\"row-4\">\n\t<td class=\"column-1\">22 Eyl\u00fcl<\/td><td class=\"column-2\">Ders Kay\u0131t D\u00f6nemi<\/td>\n<\/tr>\n<tr class=\"row-5\">\n\t<td class=\"column-1\">29 Eyl\u00fcl<\/td><td class=\"column-2\">Derslerin Ba\u015flang\u0131c\u0131<\/td>\n<\/tr>\n<tr class=\"row-6\">\n\t<td class=\"column-1\">6-10 Ekim<\/td><td class=\"column-2\">Ge\u00e7 Kay\u0131t<\/td>\n<\/tr>\n<tr class=\"row-7\">\n\t<td class=\"column-1\">17 Ekim<\/td><td class=\"column-2\">Ders Ekleme\/B\u0131rakma i\u00e7in Son G\u00fcn<\/td>\n<\/tr>\n<tr class=\"row-8\">\n\t<td class=\"column-1\">17-28 Kas\u0131m<\/td><td class=\"column-2\">Ara S\u0131nav Haftas\u0131<\/td>\n<\/tr>\n<tr class=\"row-9\">\n\t<td class=\"column-1\">4-5 Aral\u0131k<\/td><td class=\"column-2\">Ara S\u0131nav Telafi S\u0131navlar\u0131<\/td>\n<\/tr>\n<tr class=\"row-10\">\n\t<td class=\"column-1\">10 Aral\u0131k<\/td><td class=\"column-2\">Ara S\u0131nav Notlar\u0131 Teslimi Son G\u00fcn\u00fc<\/td>\n<\/tr>\n<tr class=\"row-11\">\n\t<td class=\"column-1\">11 Aral\u0131k<\/td><td class=\"column-2\">Ara S\u0131nav Notlar\u0131n\u0131n \u0130lan\u0131<\/td>\n<\/tr>\n<tr class=\"row-12\">\n\t<td class=\"column-1\">12 Aral\u0131k<\/td><td class=\"column-2\">Dersten \u00c7ekilme Son G\u00fcn\u00fc<\/td>\n<\/tr>\n<tr class=\"row-13\">\n\t<td class=\"column-1\">19 Aral\u0131k<\/td><td class=\"column-2\">\u0130zinli Ayr\u0131lma Ba\u015fvurusu \u0130\u00e7in Son G\u00fcn<\/td>\n<\/tr>\n<tr class=\"row-14\">\n\t<td class=\"column-1\">9 Ocak<\/td><td class=\"column-2\">Derslerin Son G\u00fcn\u00fc<\/td>\n<\/tr>\n<tr class=\"row-15\">\n\t<td class=\"column-1\">12-23 Ocak<\/td><td class=\"column-2\">D\u00f6nem Sonu S\u0131navlar\u0131<\/td>\n<\/tr>\n<tr class=\"row-16\">\n\t<td class=\"column-1\">26 Ocak<\/td><td class=\"column-2\">D\u00f6nem Sonu S\u0131nav Notlar\u0131 Teslimi Son G\u00fcn\u00fc<\/td>\n<\/tr>\n<tr class=\"row-17\">\n\t<td class=\"column-1\">27-28 Ocak<\/td><td class=\"column-2\">B\u00fct\u00fcnleme S\u0131navlar\u0131<\/td>\n<\/tr>\n<tr class=\"row-18\">\n\t<td class=\"column-1\">29 Ocak<\/td><td class=\"column-2\">B\u00fct\u00fcnleme S\u0131nav Notlar\u0131n\u0131n Verilmesi i\u00e7in Son G\u00fcn<\/td>\n<\/tr>\n<tr class=\"row-19\">\n\t<td class=\"column-1\">30 Ocak<\/td><td class=\"column-2\">G\u00fcz D\u00f6nemi S\u0131nav Notlar\u0131n\u0131n \u0130lan\u0131<\/td>\n<\/tr>\n<tr class=\"row-20\">\n\t<td class=\"column-1\">2 \u015eubat<\/td><td class=\"column-2\">Tez Savunmas\u0131 \u0130\u00e7in Son G\u00fcn<\/td>\n<\/tr>\n<tr class=\"row-21\">\n\t<td class=\"column-1\">2-3 \u015eubat<\/td><td class=\"column-2\">G\u00fcz D\u00f6nemi Mezuniyet Telafi S\u0131navlar\u0131<\/td>\n<\/tr>\n<tr class=\"row-22\">\n\t<td class=\"column-1\">4 \u015eubat<\/td><td class=\"column-2\">Mezun Olan \u00d6\u011frencilerin Listesinin \u00d6\u011frenci \u0130\u015flerine Bildirilmesi<\/td>\n<\/tr>\n<tr class=\"row-23\">\n\t<td class=\"column-1\">2-13 \u015eubat<\/td><td class=\"column-2\">Doktora Yeterlilik Yaz\u0131l\u0131 S\u0131nav<\/td>\n<\/tr>\n<tr class=\"row-24\">\n\t<td class=\"column-1\">2-13 \u015eubat<\/td><td class=\"column-2\">Doktora Yeterlilik S\u00f6zl\u00fc S\u0131nav<\/td>\n<\/tr>\n<tr class=\"row-25\">\n\t<td class=\"column-1\">16 \u015eubat<\/td><td class=\"column-2\">Ciltlenmi\u015f Tez\/Projelerin Son Teslim G\u00fcn\u00fc<\/td>\n<\/tr>\n<tr class=\"row-26\">\n\t<td class=\"column-1\">27 \u015eubat<\/td><td class=\"column-2\">Ders Dosyalar\u0131n\u0131n \u00d6\u011frenci \u0130\u015flerine Teslimi \u0130\u00e7in Son G\u00fcn<\/td>\n<\/tr>\n<tr class=\"row-27\">\n\t<td colspan=\"2\" class=\"column-1\"><strong>Bahar D\u00f6nemi<\/strong><\/td>\n<\/tr>\n<tr class=\"row-28\">\n\t<td class=\"column-1\">09-20 \u015eubat<\/td><td class=\"column-2\">Kay\u0131t D\u00f6nemi<\/td>\n<\/tr>\n<tr class=\"row-29\">\n\t<td class=\"column-1\">23 \u015eubat<\/td><td class=\"column-2\">Derslerin Ba\u015flang\u0131c\u0131<\/td>\n<\/tr>\n<tr class=\"row-30\">\n\t<td class=\"column-1\">23-27 \u015eubat<\/td><td class=\"column-2\">Ge\u00e7 Kay\u0131t Haftas\u0131<\/td>\n<\/tr>\n<tr class=\"row-31\">\n\t<td class=\"column-1\">27 \u015eubat<\/td><td class=\"column-2\">\u0130ngilizce Yeterlilik S\u0131nav\u0131<\/td>\n<\/tr>\n<tr class=\"row-32\">\n\t<td class=\"column-1\">6 Mart<\/td><td class=\"column-2\">Ders Ekleme\/B\u0131rakma i\u00e7in Son G\u00fcn<\/td>\n<\/tr>\n<tr class=\"row-33\">\n\t<td class=\"column-1\">6-17 Nisan<\/td><td class=\"column-2\">Ara S\u0131nav Haftas\u0131<\/td>\n<\/tr>\n<tr class=\"row-34\">\n\t<td class=\"column-1\">20-21 Nisan<\/td><td class=\"column-2\">Ara S\u0131nav Telafi S\u0131navlar\u0131<\/td>\n<\/tr>\n<tr class=\"row-35\">\n\t<td class=\"column-1\">24 Nisan<\/td><td class=\"column-2\">Ara S\u0131nav Notlar\u0131n\u0131n Teslimi Son G\u00fcn\u00fc<\/td>\n<\/tr>\n<tr class=\"row-36\">\n\t<td class=\"column-1\">27 Nisan<\/td><td class=\"column-2\">Ara S\u0131nav Notlar\u0131n\u0131n \u0130lan\u0131<\/td>\n<\/tr>\n<tr class=\"row-37\">\n\t<td class=\"column-1\">30 Nisan<\/td><td class=\"column-2\">\u0130zinli Ayr\u0131lma Ba\u015fvurusu \u0130\u00e7in Son G\u00fcn<\/td>\n<\/tr>\n<tr class=\"row-38\">\n\t<td class=\"column-1\">25 May\u0131s<\/td><td class=\"column-2\">Derslerin Son G\u00fcn\u00fc<\/td>\n<\/tr>\n<tr class=\"row-39\">\n\t<td class=\"column-1\">8-19 Haziran<\/td><td class=\"column-2\">D\u00f6nem Sonu S\u0131navlar\u0131<\/td>\n<\/tr>\n<tr class=\"row-40\">\n\t<td class=\"column-1\">22 Haziran<\/td><td class=\"column-2\">D\u00f6nem Sonu Notlar\u0131n\u0131n Teslimi i\u00e7in Son G\u00fcn<\/td>\n<\/tr>\n<tr class=\"row-41\">\n\t<td class=\"column-1\">23-24 Haziran<\/td><td class=\"column-2\">Final  Telafi S\u0131navlar\u0131\/B\u00fct\u00fcnleme S\u0131navlar\u0131<\/td>\n<\/tr>\n<tr class=\"row-42\">\n\t<td class=\"column-1\">26 Haziran<\/td><td class=\"column-2\">B\u00fct\u00fcnleme S\u0131nav Notlar\u0131n\u0131n Sisteme Giri\u015fi \u0130\u00e7in Son G\u00fcn<\/td>\n<\/tr>\n<tr class=\"row-43\">\n\t<td class=\"column-1\">27 Haziran<\/td><td class=\"column-2\">Bahar D\u00f6nemi Sonu Notlar\u0131n\u0131n \u0130lan\u0131<\/td>\n<\/tr>\n<tr class=\"row-44\">\n\t<td class=\"column-1\">29 Haziran<\/td><td class=\"column-2\">Tez Savunmas\u0131 Son G\u00fcn\u00fc<\/td>\n<\/tr>\n<tr class=\"row-45\">\n\t<td class=\"column-1\">1-2 Temmuz<\/td><td class=\"column-2\">Bahar D\u00f6nemi Mezuniyet Telafi S\u0131navlar\u0131<\/td>\n<\/tr>\n<tr class=\"row-46\">\n\t<td class=\"column-1\">3-10 Temmuz<\/td><td class=\"column-2\">Doktora Yeterlilik Yaz\u0131l\u0131 S\u0131nav<\/td>\n<\/tr>\n<tr class=\"row-47\">\n\t<td class=\"column-1\">3-10 Temmuz<\/td><td class=\"column-2\">Doktora Yeterlilik S\u00f6zl\u00fc S\u0131nav<\/td>\n<\/tr>\n<tr class=\"row-48\">\n\t<td class=\"column-1\">6 Temmuz<\/td><td class=\"column-2\">Mezun Olan \u00d6\u011frencilerin Listesinin \u00d6\u011frenci \u0130\u015flerine Bildirilmesi<\/td>\n<\/tr>\n<tr class=\"row-49\">\n\t<td class=\"column-1\">10 Temmuz<\/td><td class=\"column-2\">Ciltlenmi\u015f Tez\/Projelerin Son Teslim G\u00fcn\u00fc<\/td>\n<\/tr>\n<tr class=\"row-50\">\n\t<td class=\"column-1\">17 Temmuz<\/td><td class=\"column-2\">Ders DOsyalar\u0131n\u0131n \u00d6\u011frenci \u0130\u015flerine Teslimi \u0130\u00e7in Son G\u00fcn<\/td>\n<\/tr>\n<tr class=\"row-51\">\n\t<td class=\"column-1\">Tarih hen\u00fcz belirli de\u011fil<\/td><td class=\"column-2\">Mezuniyet T\u00f6reni<\/td>\n<\/tr>\n<tr class=\"row-52\">\n\t<td colspan=\"2\" class=\"column-1\"><strong>Yaz D\u00f6nemi<\/strong><\/td>\n<\/tr>\n<tr class=\"row-53\">\n\t<td class=\"column-1\">13-17 Temmuz<\/td><td class=\"column-2\">Ders Kay\u0131t D\u00f6nemi<\/td>\n<\/tr>\n<tr class=\"row-54\">\n\t<td class=\"column-1\">21 Temmuz<\/td><td class=\"column-2\">Derslerin Ba\u015flang\u0131c\u0131<\/td>\n<\/tr>\n<tr class=\"row-55\">\n\t<td class=\"column-1\">24 Temmuz<\/td><td class=\"column-2\">Ge\u00e7 Kay\u0131t Son G\u00fcn<\/td>\n<\/tr>\n<tr class=\"row-56\">\n\t<td class=\"column-1\">3 A\u011fustos<\/td><td class=\"column-2\">Ders Ekleme\/B\u0131rakma i\u00e7in Son G\u00fcn<\/td>\n<\/tr>\n<tr class=\"row-57\">\n\t<td class=\"column-1\">26 A\u011fustos<\/td><td class=\"column-2\">Son Ders G\u00fcn\u00fc<\/td>\n<\/tr>\n<tr class=\"row-58\">\n\t<td class=\"column-1\">27-28 A\u011fustos<\/td><td class=\"column-2\">D\u00f6nem Sonu S\u0131navlar\u0131<\/td>\n<\/tr>\n<tr class=\"row-59\">\n\t<td class=\"column-1\">2-3 Eyl\u00fcl<\/td><td class=\"column-2\">Mazeret S\u0131navlar\u0131\/Yaz D\u00f6nemi Mezuniyet Telafi S\u0131navlar\u0131<\/td>\n<\/tr>\n<tr class=\"row-60\">\n\t<td class=\"column-1\">4 Eyl\u00fcl<\/td><td class=\"column-2\">Not Teslim Son G\u00fcn\u00fc<\/td>\n<\/tr>\n<tr class=\"row-61\">\n\t<td class=\"column-1\">7 Eyl\u00fcl<\/td><td class=\"column-2\">Mezun Olan \u00d6\u011frencilerin Listesinin \u00d6\u011frenci \u0130\u015flerine Bildirilmesi<\/td>\n<\/tr>\n<tr class=\"row-62\">\n\t<td colspan=\"2\" class=\"column-1\"><strong>Milli\/Dini Bayramlar<\/strong><\/td>\n<\/tr>\n<tr class=\"row-63\">\n\t<td class=\"column-1\">4 Eyl\u00fcl<\/td><td class=\"column-2\">Mevlit Kandili<\/td>\n<\/tr>\n<tr class=\"row-64\">\n\t<td class=\"column-1\">29 Ekim<\/td><td class=\"column-2\">Cumhuriyet Bayram\u0131<\/td>\n<\/tr>\n<tr class=\"row-65\">\n\t<td class=\"column-1\">15 Kas\u0131m<\/td><td class=\"column-2\">KKTC\u2019nin \u0130lan\u0131<\/td>\n<\/tr>\n<tr class=\"row-66\">\n\t<td class=\"column-1\">1 Ocak<\/td><td class=\"column-2\">Y\u0131lba\u015f\u0131<\/td>\n<\/tr>\n<tr class=\"row-67\">\n\t<td class=\"column-1\">20-22 Mart<\/td><td class=\"column-2\">Ramazan Bayram\u0131<\/td>\n<\/tr>\n<tr class=\"row-68\">\n\t<td class=\"column-1\">23 Nisan<\/td><td class=\"column-2\">Ulusal Egemenlik ve \u00c7ocuk Bayram\u0131<\/td>\n<\/tr>\n<tr class=\"row-69\">\n\t<td class=\"column-1\">1 May\u0131s<\/td><td class=\"column-2\">\u0130\u015f\u00e7i Bayram\u0131<\/td>\n<\/tr>\n<tr class=\"row-70\">\n\t<td class=\"column-1\">19 May\u0131s<\/td><td class=\"column-2\">ATAT\u00dcRK\u2019\u00fc Anma, Gen\u00e7lik ve Spor Bayram\u0131<\/td>\n<\/tr>\n<tr class=\"row-71\">\n\t<td class=\"column-1\">27-30 May\u0131s<\/td><td class=\"column-2\">Kurban Bayram\u0131<\/td>\n<\/tr>\n<tr class=\"row-72\">\n\t<td class=\"column-1\">20 Temmuz<\/td><td class=\"column-2\">KKTC Bar\u0131\u015f ve \u00d6zg\u00fcrl\u00fck Bayram\u0131<\/td>\n<\/tr>\n<tr class=\"row-73\">\n\t<td class=\"column-1\">1 A\u011fustos<\/td><td class=\"column-2\">KKTC Toplumsal Direni\u015f Bayram\u0131<\/td>\n<\/tr>\n<tr class=\"row-74\">\n\t<td class=\"column-1\">30 A\u011fustos<\/td><td class=\"column-2\">Zafer Bayram\u0131<\/td>\n<\/tr>\n<\/tbody>\n<\/table>\n<!-- #tablepress-10 from cache -->\t\t\t\t<\/div>\n\t\t\t\t\t<\/div>\n\t\t<\/div>\n\t\t\t\t\t<\/div>\n\t\t<\/section>\n\t\t\t\t\t<\/div>\n\t\t<\/div>\n\t\t\t\t\t<\/div>\n\t\t<\/section>\n\t\t\t\t<\/div>\n\t\t","protected":false},"excerpt":{"rendered":"<p>2024-2025&#032; Academic&#032; Year&#032; Academic&#032; Calendar&#032;<\/p>\n","protected":false},"author":1,"featured_media":0,"parent":0,"menu_order":0,"comment_status":"closed","ping_status":"closed","template":"","meta":{"_acf_changed":false,"footnotes":""},"egitim-dili":[],"ogretim-duzeyi":[],"uyruklar":[],"class_list":["post-11212","page","type-page","status-publish","hentry"],"acf":[],"_links":{"self":[{"href":"https:\/\/akun.edu.tr\/en\/wp-json\/wp\/v2\/pages\/11212","targetHints":{"allow":["GET"]}}],"collection":[{"href":"https:\/\/akun.edu.tr\/en\/wp-json\/wp\/v2\/pages"}],"about":[{"href":"https:\/\/akun.edu.tr\/en\/wp-json\/wp\/v2\/types\/page"}],"author":[{"embeddable":true,"href":"https:\/\/akun.edu.tr\/en\/wp-json\/wp\/v2\/users\/1"}],"replies":[{"embeddable":true,"href":"https:\/\/akun.edu.tr\/en\/wp-json\/wp\/v2\/comments?post=11212"}],"version-history":[{"count":5,"href":"https:\/\/akun.edu.tr\/en\/wp-json\/wp\/v2\/pages\/11212\/revisions"}],"predecessor-version":[{"id":15213,"href":"https:\/\/akun.edu.tr\/en\/wp-json\/wp\/v2\/pages\/11212\/revisions\/15213"}],"wp:attachment":[{"href":"https:\/\/akun.edu.tr\/en\/wp-json\/wp\/v2\/media?parent=11212"}],"wp:term":[{"taxonomy":"egitim-dili","embeddable":true,"href":"https:\/\/akun.edu.tr\/en\/wp-json\/wp\/v2\/egitim-dili?post=11212"},{"taxonomy":"ogretim-duzeyi","embeddable":true,"href":"https:\/\/akun.edu.tr\/en\/wp-json\/wp\/v2\/ogretim-duzeyi?post=11212"},{"taxonomy":"uyruklar","embeddable":true,"href":"https:\/\/akun.edu.tr\/en\/wp-json\/wp\/v2\/uyruklar?post=11212"}],"curies":[{"name":"wp","href":"https:\/\/api.w.org\/{rel}","templated":true}]}}