{"id":12304,"date":"2025-02-15T10:24:19","date_gmt":"2025-02-15T10:24:19","guid":{"rendered":"https:\/\/akun.edu.tr\/scholarships-and-fees-for-international-students\/"},"modified":"2026-04-09T12:58:47","modified_gmt":"2026-04-09T12:58:47","slug":"scholarships-and-fees-for-international-students","status":"publish","type":"page","link":"https:\/\/akun.edu.tr\/en\/scholarships-and-fees-for-international-students\/","title":{"rendered":"Scholarships and Fees for International Students"},"content":{"rendered":"\t\t<div data-elementor-type=\"wp-page\" data-elementor-id=\"12304\" class=\"elementor elementor-12304 elementor-5842\" data-elementor-post-type=\"page\">\n\t\t\t\t\t\t<section class=\"elementor-section elementor-top-section elementor-element elementor-element-ef4133a elementor-section-boxed elementor-section-height-default elementor-section-height-default\" data-id=\"ef4133a\" data-element_type=\"section\" data-e-type=\"section\" data-settings=\"{&quot;pix_scale_in&quot;:&quot;none&quot;}\">\n\t\t\t\t\t\t<div class=\"elementor-container elementor-column-gap-default\">\n\t\t\t\t\t<div class=\"elementor-column elementor-col-50 elementor-top-column elementor-element elementor-element-605f952\" data-id=\"605f952\" data-element_type=\"column\" data-e-type=\"column\" data-settings=\"{&quot;pix_scale_in&quot;:&quot;none&quot;}\">\n\t\t\t<div class=\"elementor-widget-wrap elementor-element-populated\">\n\t\t\t\t\t\t<section class=\"pix-base-transition sticky-top pix-sticky-top-adjust animate-in elementor-section elementor-inner-section elementor-element elementor-element-60ba0dd bg-white shadow-lg shadow-hover-lg fly-sm rounded-10 overflow-hidden elementor-section-boxed elementor-section-height-default elementor-section-height-default\" data-anim-type=\"pix-3d-up-in\" data-anim-delay=\"0\" data-id=\"60ba0dd\" data-element_type=\"section\" data-e-type=\"section\" data-settings=\"{&quot;pix_scale_in&quot;:&quot;none&quot;}\">\n\t\t\t\t\t\t<div class=\"elementor-container elementor-column-gap-default\">\n\t\t\t\t\t<div class=\"elementor-column elementor-col-100 elementor-inner-column elementor-element elementor-element-586e54b\" data-id=\"586e54b\" data-element_type=\"column\" data-e-type=\"column\" data-settings=\"{&quot;pix_scale_in&quot;:&quot;none&quot;}\">\n\t\t\t<div class=\"elementor-widget-wrap elementor-element-populated\">\n\t\t\t\t\t\t<div class=\"elementor-element elementor-element-c0b42bf elementor-widget elementor-widget-shortcode\" data-id=\"c0b42bf\" data-element_type=\"widget\" data-e-type=\"widget\" data-widget_type=\"shortcode.default\">\n\t\t\t\t<div class=\"elementor-widget-container\">\n\t\t\t\t\t\t\t<div class=\"elementor-shortcode\"><div id='iksm-9817' class='iksm iksm-9817 iksm-container '  data-id='9817' data-is-pro='1' data-source='menu'><div class='iksm-terms'><div class='iksm-terms-tree iksm-terms-tree--level-1 iksm-terms-tree--parents' style=''><div class=\"iksm-terms-tree__inner\">\n        <div class=\"iksm-term iksm-term--id-9806 iksm-term--parent iksm-term--has-children\" data-id=\"9806\">\n            <div class=\"iksm-term__inner\" tabindex='0'>\n                <a class=\"iksm-term__link\" data-toggle='1' tabindex='-1'>\n\t\t\t\t        <span class=\"iksm-term__text\">\u00d6n Lisans &amp; Lisans Kay\u0131t ve Kabul Ko\u015fullar\u0131<\/span>\n\t\t            <\/a>\n\t\t\t            <div class=\"iksm-term__toggle\" tabindex=\"0\">\n                <span class=\"iksm-term__toggle__inner\"><i class='iks-icon-chevron-1'><\/i><\/span>\n            <\/div>\n\t\t\t        <\/div>\n\t\t<div class='iksm-terms-tree iksm-terms-tree--level-2 iksm-terms-tree--children' style=''><div class=\"iksm-terms-tree__inner\">\n        <div class=\"iksm-term iksm-term--id-9800 iksm-term--child\" data-id=\"9800\">\n            <div class=\"iksm-term__inner\" tabindex='0'>\n                <a class=\"iksm-term__link\" href='https:\/\/akun.edu.tr\/aday-ogrenci\/kktc-uyruklu-ogrencilerin-kabul-ve-kayit-kosullari\/' target='_self' tabindex='-1'>\n\t\t\t\t            <div\n              class=\"iksm-term__shifts\"\n              style=\"width:15px; min-width:15px; max-width:15px;\"><\/div>\n\t\t\t        <span class=\"iksm-term__text\">Admission and Registration Conditions for TRNC National Students<\/span>\n\t\t            <\/a>\n\t\t\t        <\/div>\n\t\t        <\/div>\n\n\t\t\n        <div class=\"iksm-term iksm-term--id-9799 iksm-term--child\" data-id=\"9799\">\n            <div class=\"iksm-term__inner\" tabindex='0'>\n                <a class=\"iksm-term__link\" href='https:\/\/akun.edu.tr\/aday-ogrenci\/tc-uyruklu-ogrencilerin-kabul-ve-kayit-kosullari\/' target='_self' tabindex='-1'>\n\t\t\t\t            <div\n              class=\"iksm-term__shifts\"\n              style=\"width:15px; min-width:15px; max-width:15px;\"><\/div>\n\t\t\t        <span class=\"iksm-term__text\">Admission and Enrollment Requirements for Turkish Citizens<\/span>\n\t\t            <\/a>\n\t\t\t        <\/div>\n\t\t        <\/div>\n\n\t\t<\/div><\/div>        <\/div>\n\n\t\t\n        <div class=\"iksm-term iksm-term--id-9801 iksm-term--parent\" data-id=\"9801\">\n            <div class=\"iksm-term__inner\" tabindex='0'>\n                <a class=\"iksm-term__link\" href='https:\/\/akun.edu.tr\/aday-ogrenci\/lisansustu-kayit-ve-kabul-kosullari\/' target='_self' tabindex='-1'>\n\t\t\t\t        <span class=\"iksm-term__text\">Postgraduate Registration and Admission Requirements<\/span>\n\t\t            <\/a>\n\t\t\t        <\/div>\n\t\t        <\/div>\n\n\t\t\n        <div class=\"iksm-term iksm-term--id-9814 iksm-term--parent iksm-term--has-children\" data-id=\"9814\">\n            <div class=\"iksm-term__inner\" tabindex='0'>\n                <a class=\"iksm-term__link\" data-toggle='1' tabindex='-1'>\n\t\t\t\t        <span class=\"iksm-term__text\">\u00d6n Lisans &amp; Lisans Burslar ve \u00dccretler<\/span>\n\t\t            <\/a>\n\t\t\t            <div class=\"iksm-term__toggle\" tabindex=\"0\">\n                <span class=\"iksm-term__toggle__inner\"><i class='iks-icon-chevron-1'><\/i><\/span>\n            <\/div>\n\t\t\t        <\/div>\n\t\t<div class='iksm-terms-tree iksm-terms-tree--level-2 iksm-terms-tree--children' style=''><div class=\"iksm-terms-tree__inner\">\n        <div class=\"iksm-term iksm-term--id-9805 iksm-term--child\" data-id=\"9805\">\n            <div class=\"iksm-term__inner\" tabindex='0'>\n                <a class=\"iksm-term__link\" href='https:\/\/akun.edu.tr\/aday-ogrenci\/kktc-vatandasi-ogrenciler-icin-burslar-ve-ucretler\/' target='_self' tabindex='-1'>\n\t\t\t\t            <div\n              class=\"iksm-term__shifts\"\n              style=\"width:15px; min-width:15px; max-width:15px;\"><\/div>\n\t\t\t        <span class=\"iksm-term__text\">Scholarships and Fees for TRNC Citizens<\/span>\n\t\t            <\/a>\n\t\t\t        <\/div>\n\t\t        <\/div>\n\n\t\t\n        <div class=\"iksm-term iksm-term--id-9804 iksm-term--child\" data-id=\"9804\">\n            <div class=\"iksm-term__inner\" tabindex='0'>\n                <a class=\"iksm-term__link\" href='https:\/\/akun.edu.tr\/aday-ogrenci\/tc-vatandasi-ogrenciler-icin-burslar-ve-ucretler\/' target='_self' tabindex='-1'>\n\t\t\t\t            <div\n              class=\"iksm-term__shifts\"\n              style=\"width:15px; min-width:15px; max-width:15px;\"><\/div>\n\t\t\t        <span class=\"iksm-term__text\">Scholarships and Fees for Turkish Citizens<\/span>\n\t\t            <\/a>\n\t\t\t        <\/div>\n\t\t        <\/div>\n\n\t\t\n        <div class=\"iksm-term iksm-term--id-9803 iksm-term--child\" data-id=\"9803\">\n            <div class=\"iksm-term__inner\" tabindex='0'>\n                <a class=\"iksm-term__link\" href='https:\/\/akun.edu.tr\/uluslararasi\/uluslararasi-ogrenciler-icin-burslar-ve-ucretler\/' target='_self' tabindex='-1'>\n\t\t\t\t            <div\n              class=\"iksm-term__shifts\"\n              style=\"width:15px; min-width:15px; max-width:15px;\"><\/div>\n\t\t\t        <span class=\"iksm-term__text\">Scholarships and Fees for International Students<\/span>\n\t\t            <\/a>\n\t\t\t        <\/div>\n\t\t        <\/div>\n\n\t\t<\/div><\/div>        <\/div>\n\n\t\t\n        <div class=\"iksm-term iksm-term--id-9802 iksm-term--parent iksm-term--has-children\" data-id=\"9802\">\n            <div class=\"iksm-term__inner\" tabindex='0'>\n                <a class=\"iksm-term__link\" data-toggle='1' tabindex='-1'>\n\t\t\t\t        <span class=\"iksm-term__text\">Postgraduate Scholarships and Fees<\/span>\n\t\t            <\/a>\n\t\t\t            <div class=\"iksm-term__toggle\" tabindex=\"0\">\n                <span class=\"iksm-term__toggle__inner\"><i class='iks-icon-chevron-1'><\/i><\/span>\n            <\/div>\n\t\t\t        <\/div>\n\t\t<div class='iksm-terms-tree iksm-terms-tree--level-2 iksm-terms-tree--children' style=''><div class=\"iksm-terms-tree__inner\">\n        <div class=\"iksm-term iksm-term--id-10633 iksm-term--child\" data-id=\"10633\">\n            <div class=\"iksm-term__inner\" tabindex='0'>\n                <a class=\"iksm-term__link\" href='https:\/\/akun.edu.tr\/aday-ogrenci\/lisansustu-burslar-ve-ucretler\/#kktcyl' target='_self' tabindex='-1'>\n\t\t\t\t            <div\n              class=\"iksm-term__shifts\"\n              style=\"width:15px; min-width:15px; max-width:15px;\"><\/div>\n\t\t\t        <span class=\"iksm-term__text\">KKTC Vatanda\u015f\u0131 Y\u00fcksek Lisans<\/span>\n\t\t            <\/a>\n\t\t\t        <\/div>\n\t\t        <\/div>\n\n\t\t\n        <div class=\"iksm-term iksm-term--id-10632 iksm-term--child\" data-id=\"10632\">\n            <div class=\"iksm-term__inner\" tabindex='0'>\n                <a class=\"iksm-term__link\" href='https:\/\/akun.edu.tr\/aday-ogrenci\/lisansustu-burslar-ve-ucretler\/#kktcdr' target='_self' tabindex='-1'>\n\t\t\t\t            <div\n              class=\"iksm-term__shifts\"\n              style=\"width:15px; min-width:15px; max-width:15px;\"><\/div>\n\t\t\t        <span class=\"iksm-term__text\">KKTC Vatanda\u015f\u0131 Doktora<\/span>\n\t\t            <\/a>\n\t\t\t        <\/div>\n\t\t        <\/div>\n\n\t\t\n        <div class=\"iksm-term iksm-term--id-10647 iksm-term--child\" data-id=\"10647\">\n            <div class=\"iksm-term__inner\" tabindex='0'>\n                <a class=\"iksm-term__link\" href='https:\/\/akun.edu.tr\/aday-ogrenci\/lisansustu-burslar-ve-ucretler\/#tcyl' target='_self' tabindex='-1'>\n\t\t\t\t            <div\n              class=\"iksm-term__shifts\"\n              style=\"width:15px; min-width:15px; max-width:15px;\"><\/div>\n\t\t\t        <span class=\"iksm-term__text\">TC Vatanda\u015f\u0131 Y\u00fcksek Lisans<\/span>\n\t\t            <\/a>\n\t\t\t        <\/div>\n\t\t        <\/div>\n\n\t\t\n        <div class=\"iksm-term iksm-term--id-10648 iksm-term--child\" data-id=\"10648\">\n            <div class=\"iksm-term__inner\" tabindex='0'>\n                <a class=\"iksm-term__link\" href='https:\/\/akun.edu.tr\/aday-ogrenci\/lisansustu-burslar-ve-ucretler\/#intlyl' target='_self' tabindex='-1'>\n\t\t\t\t            <div\n              class=\"iksm-term__shifts\"\n              style=\"width:15px; min-width:15px; max-width:15px;\"><\/div>\n\t\t\t        <span class=\"iksm-term__text\">Uluslararas\u0131 \u00d6\u011frenci Y\u00fcksek Lisans<\/span>\n\t\t            <\/a>\n\t\t\t        <\/div>\n\t\t        <\/div>\n\n\t\t\n        <div class=\"iksm-term iksm-term--id-10649 iksm-term--child\" data-id=\"10649\">\n            <div class=\"iksm-term__inner\" tabindex='0'>\n                <a class=\"iksm-term__link\" href='https:\/\/akun.edu.tr\/aday-ogrenci\/lisansustu-burslar-ve-ucretler\/#intldr' target='_self' tabindex='-1'>\n\t\t\t\t            <div\n              class=\"iksm-term__shifts\"\n              style=\"width:15px; min-width:15px; max-width:15px;\"><\/div>\n\t\t\t        <span class=\"iksm-term__text\">Uluslararas\u0131 \u00d6\u011frenci Doktora<\/span>\n\t\t            <\/a>\n\t\t\t        <\/div>\n\t\t        <\/div>\n\n\t\t<\/div><\/div>        <\/div>\n\n\t\t<\/div><\/div><\/div><div id=\"iksm_data_args\" class=\"data-args\"  data-collapse_children_terms='1' data-collapse_other_terms='1' data-collapse_animation_duration='400' data-expand_animation_duration='400' data-disable_parent_links_level='0' data-toggle_by_item_click=''><\/div><\/div><script id=\"styles-copier-69d83bebcdeb9\">\n\t\t\t\/\/ Finding styles element\n\t        var element = document.getElementById(\"iksm-dynamic-style\");\n\t        if (!element) { \/\/ If no element (Cache plugins can remove tag), then creating a new one\n                element = document.createElement('style');\n                var head = document.getElementsByTagName(\"head\")\n                if (head && head[0]) {\n                \thead[0].appendChild(element);\n                } else {\n                  \tconsole.warn(\"Iks Menu | Error while printing styles. Please contact technical support.\");\n                }\n\t        }\n\t\t\t\/\/ Copying styles to <styles> tag\n\t        element.innerHTML += \".iksm-9817 .iksm-terms{transition:all 400ms;animation:iks-fade-in 1000ms;}.iksm-9817 .iksm-terms-tree--level-1 > * > .iksm-term:not(:last-child){margin-bottom:0;}.iksm-9817 .iksm-terms-tree--children > .iksm-terms-tree__inner{animation:iks-fade-in 400ms;}.iksm-9817 .iksm-term__inner{background-color:rgba(255,255,255,1);min-height:44px;transition:all 400ms;}.iksm-9817 .iksm-term__inner:hover{background-color:rgba(236,236,236,1);}.iksm-9817 .iksm-term--current > .iksm-term__inner{background-color:rgba(212,212,212,1);}.iksm-9817 .iksm-term__link{color:rgba(52,58,64,1);font-size:14px;line-height:25px;font-weight:700;text-decoration:none;padding-top:5px;padding-right:15px;padding-bottom:5px;padding-left:15px;transition:all 400ms;}.iksm-9817 .iksm-term__inner:hover .iksm-term__link{color:rgba(50,50,50,1);}.iksm-9817 .iksm-term__toggle__inner{transition:transform 400ms}.iksm-9817 .iksm-term--expanded > .iksm-term__inner > .iksm-term__toggle > .iksm-term__toggle__inner{transform:rotate(180deg);}.iksm-9817 .iksm-term__toggle{color:rgba(133,133,133,1);font-size:22px;align-self:stretch;height:unset;;width:40px;transition:all 400ms;}.iksm-9817 .iksm-term__toggle:hover{color:rgba(0,0,0,1);}.iksm-9817 .iksm-term__image-container{width:30px;min-width:30px;height:30px;min-height:30px;margin-right:15px;transition:all 400ms;}.iksm-9817 .iksm-term__image{background-size:contain;background-position:center;background-repeat:no-repeat;}.iksm-9817 .iksm-term__image-container:hover{background-size:contain;background-position:center;background-repeat:no-repeat;}.iksm-9817 .iksm-term__inner:hover .iksm-term__image-container{background-size:contain;background-position:center;background-repeat:no-repeat;}.iksm-9817 .iksm-term__inner:focus .iksm-term__image-container{background-size:contain;background-position:center;background-repeat:no-repeat;}.iksm-9817 .iksm-term--current > .iksm-term__inner .iksm-term__image-container{background-size:contain;background-position:center;background-repeat:no-repeat;}.iksm-9817 .iksm-term--child .iksm-term__inner .iksm-term__image-container{background-size:contain;background-position:center;background-repeat:no-repeat;}.iksm-9817 .iksm-term--child .iksm-term__inner .iksm-term__image-container:hover{background-size:contain;background-position:center;background-repeat:no-repeat;}.iksm-9817 .iksm-term--child .iksm-term__inner .iksm-term__image-container:focus{background-size:contain;background-position:center;background-repeat:no-repeat;}.iksm-9817 .iksm-term--child.iksm-term--current > .iksm-term__inner .iksm-term__image-container{background-size:contain;background-position:center;background-repeat:no-repeat;}.iksm-9817  .iksm-term__text{flex: unset}.iksm-9817 .iksm-term__posts-count{color:rgba(133,133,133,1);font-size:16px;margin-left:12px;font-weight:400;transition:all 400ms;}.iksm-9817 .iksm-term--collapsing > .iksm-terms-tree--children > .iksm-terms-tree__inner{animation:iks-fade-out 400ms;}\";\n\t        \/\/ Removing this script\n            var this_script = document.getElementById(\"styles-copier-69d83bebcdeb9\");\n            if (this_script) { \/\/ Cache plugins can remove tag\n\t            this_script.outerHTML = \"\";\n\t            if (this_script.parentNode) {\n\t                this_script.parentNode.removeChild(this_script);\n\t            }\n            }\n        <\/script><\/div>\n\t\t\t\t\t\t<\/div>\n\t\t\t\t<\/div>\n\t\t\t\t\t<\/div>\n\t\t<\/div>\n\t\t\t\t\t<\/div>\n\t\t<\/section>\n\t\t\t\t\t<\/div>\n\t\t<\/div>\n\t\t\t\t<div class=\"elementor-column elementor-col-50 elementor-top-column elementor-element elementor-element-530a939\" data-id=\"530a939\" data-element_type=\"column\" data-e-type=\"column\" data-settings=\"{&quot;pix_scale_in&quot;:&quot;none&quot;}\">\n\t\t\t<div class=\"elementor-widget-wrap elementor-element-populated\">\n\t\t\t\t\t\t<section class=\"pix-base-transition animate-in elementor-section elementor-inner-section elementor-element elementor-element-d326468 bg-white shadow-lg shadow-hover-lg fly-sm rounded-10 overflow-hidden elementor-section-boxed elementor-section-height-default elementor-section-height-default\" data-anim-type=\"pix-3d-up-in\" data-anim-delay=\"0\" data-id=\"d326468\" data-element_type=\"section\" data-e-type=\"section\" data-settings=\"{&quot;pix_scale_in&quot;:&quot;none&quot;}\">\n\t\t\t\t\t\t<div class=\"elementor-container elementor-column-gap-default\">\n\t\t\t\t\t<div class=\"elementor-column elementor-col-100 elementor-inner-column elementor-element elementor-element-2306874\" data-id=\"2306874\" data-element_type=\"column\" data-e-type=\"column\" data-settings=\"{&quot;pix_scale_in&quot;:&quot;none&quot;}\">\n\t\t\t<div class=\"elementor-widget-wrap elementor-element-populated\">\n\t\t\t\t\t\t<div class=\"elementor-element elementor-element-3b6fbb9 elementor-widget elementor-widget-pix-sliding-text\" data-id=\"3b6fbb9\" data-element_type=\"widget\" data-e-type=\"widget\" data-widget_type=\"pix-sliding-text.default\">\n\t\t\t\t<div class=\"elementor-widget-container\">\n\t\t\t\t\t<div id=\"el-3b6fbb9\" class=\"mb-3 text-left \"><div class=\"d-inline-block\" style=\"max-width:800px;\"><h3 class=\"mb-32 pix-sliding-headline-2 animate-in font-weight-bold secondary-font \" data-anim-type=\"pix-sliding-text\" data-class=\"secondary-font text-primary\" style=\"\"><span class=\"slide-in-container \"><span class=\"pix-sliding-item secondary-font text-primary\" style=\"transition-delay: 0ms;\">Tuition&#32;<\/span><\/span> <span class=\"slide-in-container \"><span class=\"pix-sliding-item secondary-font text-primary\" style=\"transition-delay: 150ms;\">Fees&#32;<\/span><\/span> <span class=\"slide-in-container \"><span class=\"pix-sliding-item secondary-font text-primary\" style=\"transition-delay: 300ms;\">for&#32;<\/span><\/span> <span class=\"slide-in-container \"><span class=\"pix-sliding-item secondary-font text-primary\" style=\"transition-delay: 450ms;\">International&#32;<\/span><\/span> <span class=\"slide-in-container \"><span class=\"pix-sliding-item secondary-font text-primary\" style=\"transition-delay: 600ms;\">Students&#32;<\/span><\/span> <span class=\"slide-in-container \"><span class=\"pix-sliding-item secondary-font text-primary\" style=\"transition-delay: 750ms;\">in&#32;<\/span><\/span> <span class=\"slide-in-container \"><span class=\"pix-sliding-item secondary-font text-primary\" style=\"transition-delay: 900ms;\">Undergraduate&#32;<\/span><\/span> <span class=\"slide-in-container \"><span class=\"pix-sliding-item secondary-font text-primary\" style=\"transition-delay: 1050ms;\">-&#32;<\/span><\/span> <span class=\"slide-in-container \"><span class=\"pix-sliding-item secondary-font text-primary\" style=\"transition-delay: 1200ms;\">Associate&#32;<\/span><\/span> <span class=\"slide-in-container \"><span class=\"pix-sliding-item secondary-font text-primary\" style=\"transition-delay: 1350ms;\">Degree&#32;<\/span><\/span> <span class=\"slide-in-container \"><span class=\"pix-sliding-item secondary-font text-primary\" style=\"transition-delay: 1500ms;\">Programs&#32;<\/span><\/span> <\/h3><\/div><\/div>\t\t\t\t<\/div>\n\t\t\t\t<\/div>\n\t\t\t\t<div class=\"elementor-element elementor-element-98e3ed0 elementor-invisible elementor-widget elementor-widget-pix-text\" data-id=\"98e3ed0\" data-element_type=\"widget\" data-e-type=\"widget\" data-widget_type=\"pix-text.default\">\n\t\t\t\t<div class=\"elementor-widget-container\">\n\t\t\t\t\t<div class=\"pix-el-text w-100 text-left \" ><p class=\" resp-option text-body-default text-left \" ><span class=\"text-body-default animate-in d-inline-block\" data-anim-delay=\"500\" data-anim-type=\"fade-in-up\">The University of Mediterranean Karpasia offers world-class education to international students from different countries, while prioritizing accessibility with various scholarship opportunities. International applicants can receive partial scholarships based on their academic achievements and application documents. Below are the tuition fees and scholarship opportunities available to international students.  <\/span><\/p><\/div>\t\t\t\t<\/div>\n\t\t\t\t<\/div>\n\t\t\t\t<div class=\"elementor-element elementor-element-ef27f89 elementor-widget elementor-widget-tablepress-table\" data-id=\"ef27f89\" data-element_type=\"widget\" data-e-type=\"widget\" data-widget_type=\"tablepress-table.default\">\n\t\t\t\t\t\n<table id=\"tablepress-4\" class=\"tablepress tablepress-id-4\">\n<thead>\n<tr class=\"row-1\">\n\t<td class=\"column-1\"><\/td><th class=\"column-2\">D\u00f6nemlik<\/th>\n<\/tr>\n<\/thead>\n<tbody class=\"row-striping row-hover\">\n<tr class=\"row-2\">\n\t<td class=\"column-1\">E\u011fitim \u00dccreti<\/td><td class=\"column-2\">$1,250<\/td>\n<\/tr>\n<tr class=\"row-3\">\n\t<td class=\"column-1\">Kay\u0131t \u00dccreti<\/td><td class=\"column-2\">$300 (Y\u0131ll\u0131k)<\/td>\n<\/tr>\n<\/tbody>\n<\/table>\n\t\t\t\t<\/div>\n\t\t\t\t\t<\/div>\n\t\t<\/div>\n\t\t\t\t\t<\/div>\n\t\t<\/section>\n\t\t\t\t\t<\/div>\n\t\t<\/div>\n\t\t\t\t\t<\/div>\n\t\t<\/section>\n\t\t\t\t<\/div>\n\t\t","protected":false},"excerpt":{"rendered":"<p>Tuition&#032; Fees&#032; for&#032; International&#032; Students&#032; in&#032; Undergraduate&#032; -&#032; Associate&#032; Degree&#032; Programs&#032; The University of Mediterranean Karpasia offers world-class education to international students from different countries, while prioritizing accessibility with various scholarship opportunities. International applicants can receive partial scholarships based on&#8230;<\/p>\n","protected":false},"author":1,"featured_media":0,"parent":0,"menu_order":0,"comment_status":"closed","ping_status":"closed","template":"","meta":{"_acf_changed":false,"footnotes":""},"egitim-dili":[],"ogretim-duzeyi":[],"uyruklar":[],"class_list":["post-12304","page","type-page","status-publish","hentry"],"acf":[],"_links":{"self":[{"href":"https:\/\/akun.edu.tr\/en\/wp-json\/wp\/v2\/pages\/12304","targetHints":{"allow":["GET"]}}],"collection":[{"href":"https:\/\/akun.edu.tr\/en\/wp-json\/wp\/v2\/pages"}],"about":[{"href":"https:\/\/akun.edu.tr\/en\/wp-json\/wp\/v2\/types\/page"}],"author":[{"embeddable":true,"href":"https:\/\/akun.edu.tr\/en\/wp-json\/wp\/v2\/users\/1"}],"replies":[{"embeddable":true,"href":"https:\/\/akun.edu.tr\/en\/wp-json\/wp\/v2\/comments?post=12304"}],"version-history":[{"count":3,"href":"https:\/\/akun.edu.tr\/en\/wp-json\/wp\/v2\/pages\/12304\/revisions"}],"predecessor-version":[{"id":12308,"href":"https:\/\/akun.edu.tr\/en\/wp-json\/wp\/v2\/pages\/12304\/revisions\/12308"}],"wp:attachment":[{"href":"https:\/\/akun.edu.tr\/en\/wp-json\/wp\/v2\/media?parent=12304"}],"wp:term":[{"taxonomy":"egitim-dili","embeddable":true,"href":"https:\/\/akun.edu.tr\/en\/wp-json\/wp\/v2\/egitim-dili?post=12304"},{"taxonomy":"ogretim-duzeyi","embeddable":true,"href":"https:\/\/akun.edu.tr\/en\/wp-json\/wp\/v2\/ogretim-duzeyi?post=12304"},{"taxonomy":"uyruklar","embeddable":true,"href":"https:\/\/akun.edu.tr\/en\/wp-json\/wp\/v2\/uyruklar?post=12304"}],"curies":[{"name":"wp","href":"https:\/\/api.w.org\/{rel}","templated":true}]}}