{"id":13292,"date":"2025-09-28T13:27:21","date_gmt":"2025-09-28T13:27:21","guid":{"rendered":"https:\/\/akun.edu.tr\/shuttle-bus\/"},"modified":"2026-05-05T04:37:20","modified_gmt":"2026-05-05T04:37:20","slug":"shuttle-bus","status":"publish","type":"page","link":"https:\/\/akun.edu.tr\/en\/shuttle-bus\/","title":{"rendered":"Shuttle Bus"},"content":{"rendered":"\t\t<div data-elementor-type=\"wp-page\" data-elementor-id=\"13292\" class=\"elementor elementor-13292 elementor-13288\" data-elementor-post-type=\"page\">\n\t\t\t\t<div class=\"elementor-element elementor-element-2ecbc6f8 e-flex e-con-boxed e-con e-parent\" data-id=\"2ecbc6f8\" data-element_type=\"container\" data-e-type=\"container\" data-settings=\"{&quot;pix_scale_in&quot;:&quot;none&quot;}\">\n\t\t\t\t\t<div class=\"e-con-inner\">\n\t\t\t\t<div class=\"elementor-element elementor-element-102df656 elementor-widget elementor-widget-text-editor\" data-id=\"102df656\" data-element_type=\"widget\" data-e-type=\"widget\" data-widget_type=\"text-editor.default\">\n\t\t\t\t<div class=\"elementor-widget-container\">\n\t\t\t\t\t\t\t\t\t<h3><strong>Shuttle Hours<\/strong><\/h3><p>Weekdays: 08.00 \u2013 09.30 \u2013 11.00 \u2013 12.30 \u2013 14.30 \u2013 16.30 (Departure time from AKUN campus)<\/p><h3> <\/h3><h3><strong>Shuttle Route<\/strong><\/h3><p>(1) Elite Hospital<\/p><p>(2) Across from Ebubekir Mosque<\/p><p>(3) Creditwest Head Office<\/p><p>(4) Hamitk\u00f6y Okmar<\/p><p>(5) Atat\u00fcrk Teacher Training Academy<\/p><p>(6) Jumbo Supermarket<\/p><p>(7) Across from \u00c7angar Motors<\/p><p>(8) Kucukkaymakli Garanti Bank<\/p><p>(9) Old Kaymakli Cemetery <\/p><p>(10) Lefkosa Terminal\/City Royal <\/p><p>(11) Kyrenia Gate<\/p><p>(12) Kumsal Park <\/p><p>(13) Sports Department (Spor Dairesi M\u00fcd\u00fcrl\u00fc\u011f\u00fc)<\/p><p>(14) TRNC Ministry of Health<\/p><p>(15) Ortak\u00f6y Military Club<\/p><p>(16) Tepe Home Showroom<\/p><p>(17) Across from Dr. Burhan Nalbanto\u011flu State Hospital<\/p><p>(18) Fair Ground<\/p><p>(19) Organized Industrial Area<\/p><p> <\/p><p><em>Note: Students and staff with ID cards can use the shuttle service.<\/em><\/p>\t\t\t\t\t\t\t\t<\/div>\n\t\t\t\t<\/div>\n\t\t\t\t\t<\/div>\n\t\t\t\t<\/div>\n\t\t\t\t<\/div>\n\t\t","protected":false},"excerpt":{"rendered":"<p>Shuttle Hours Weekdays: 08.00 \u2013 09.30 \u2013 11.00 \u2013 12.30 \u2013 14.30 \u2013 16.30 (Departure time from AKUN campus) Shuttle Route (1) Elite Hospital (2) Across from Ebubekir Mosque (3) Creditwest Head Office (4) Hamitk\u00f6y Okmar (5) Atat\u00fcrk Teacher Training&#8230;<\/p>\n","protected":false},"author":1,"featured_media":0,"parent":0,"menu_order":0,"comment_status":"closed","ping_status":"closed","template":"","meta":{"_acf_changed":false,"footnotes":""},"egitim-dili":[],"ogretim-duzeyi":[],"uyruklar":[],"class_list":["post-13292","page","type-page","status-publish","hentry"],"acf":[],"_links":{"self":[{"href":"https:\/\/akun.edu.tr\/en\/wp-json\/wp\/v2\/pages\/13292","targetHints":{"allow":["GET"]}}],"collection":[{"href":"https:\/\/akun.edu.tr\/en\/wp-json\/wp\/v2\/pages"}],"about":[{"href":"https:\/\/akun.edu.tr\/en\/wp-json\/wp\/v2\/types\/page"}],"author":[{"embeddable":true,"href":"https:\/\/akun.edu.tr\/en\/wp-json\/wp\/v2\/users\/1"}],"replies":[{"embeddable":true,"href":"https:\/\/akun.edu.tr\/en\/wp-json\/wp\/v2\/comments?post=13292"}],"version-history":[{"count":2,"href":"https:\/\/akun.edu.tr\/en\/wp-json\/wp\/v2\/pages\/13292\/revisions"}],"predecessor-version":[{"id":14133,"href":"https:\/\/akun.edu.tr\/en\/wp-json\/wp\/v2\/pages\/13292\/revisions\/14133"}],"wp:attachment":[{"href":"https:\/\/akun.edu.tr\/en\/wp-json\/wp\/v2\/media?parent=13292"}],"wp:term":[{"taxonomy":"egitim-dili","embeddable":true,"href":"https:\/\/akun.edu.tr\/en\/wp-json\/wp\/v2\/egitim-dili?post=13292"},{"taxonomy":"ogretim-duzeyi","embeddable":true,"href":"https:\/\/akun.edu.tr\/en\/wp-json\/wp\/v2\/ogretim-duzeyi?post=13292"},{"taxonomy":"uyruklar","embeddable":true,"href":"https:\/\/akun.edu.tr\/en\/wp-json\/wp\/v2\/uyruklar?post=13292"}],"curies":[{"name":"wp","href":"https:\/\/api.w.org\/{rel}","templated":true}]}}